{"id":984,"date":"2024-01-11T15:05:09","date_gmt":"2024-01-11T14:05:09","guid":{"rendered":"http:\/\/test-moh.hr.dedi3734.your-server.de\/?page_id=984"},"modified":"2024-02-01T09:28:38","modified_gmt":"2024-02-01T08:28:38","slug":"politika-kolacica","status":"publish","type":"page","link":"https:\/\/otpadodhrane.haop.hr\/?page_id=984","title":{"rendered":"Politika kola\u010di\u0107a"},"content":{"rendered":"\t\t<div data-elementor-type=\"wp-page\" data-elementor-id=\"984\" class=\"elementor elementor-984\" data-elementor-post-type=\"page\">\n\t\t\t\t<div class=\"elementor-element elementor-element-605a8fa e-flex e-con-boxed e-con e-parent\" data-id=\"605a8fa\" data-element_type=\"container\" data-settings=\"{&quot;background_background&quot;:&quot;classic&quot;}\">\n\t\t\t\t\t<div class=\"e-con-inner\">\n\t\t<div class=\"elementor-element elementor-element-aa18eb5 e-flex e-con-boxed e-con e-child\" data-id=\"aa18eb5\" data-element_type=\"container\" data-settings=\"{&quot;background_background&quot;:&quot;classic&quot;}\">\n\t\t\t\t\t<div class=\"e-con-inner\">\n\t\t\t\t<div class=\"elementor-element elementor-element-2b2f15c elementor-widget elementor-widget-heading\" data-id=\"2b2f15c\" data-element_type=\"widget\" data-widget_type=\"heading.default\">\n\t\t\t\t<div class=\"elementor-widget-container\">\n\t\t\t\t\t<h2 class=\"elementor-heading-title elementor-size-default\">Upotreba kola\u010di\u0107a (Cookies)<\/h2>\t\t\t\t<\/div>\n\t\t\t\t<\/div>\n\t\t\t\t<div class=\"elementor-element elementor-element-f3aa12e elementor-widget elementor-widget-text-editor\" data-id=\"f3aa12e\" data-element_type=\"widget\" data-widget_type=\"text-editor.default\">\n\t\t\t\t<div class=\"elementor-widget-container\">\n\t\t\t\t\t\t\t\t\t<p>Internet stranica koristi kola\u010di\u0107e. Kola\u010di\u0107ima se smatraju datoteke male veli\u010dine koje se privremeno pohranjuju na Va\u0161em tvrdom disku, \u0161to na\u0161oj internet stranici omogu\u0107ava prepoznavanje Va\u0161ega ra\u010dunala prilikom sljede\u0107eg posjeta na\u0161im stranicama. Navedeni alati mogu prikupljati i pohranjivati tehni\u010dke podatke kao \u0161to su IP adresa, identifikator mobilnog ure\u0111aja, podatke o pregledniku i sli\u010dno. Kola\u010di\u0107i koji se pohranjuju slu\u017ee u analiti\u010dke i statisti\u010dke svrhe te za funkcioniranje svih zna\u010dajki internetske strance i boljeg korisni\u010dkog iskustva.<\/p><p><strong>Nu\u017eno potrebni kola\u010di\u0107i<\/strong><br \/>Nu\u017eno potrebni kola\u010di\u0107i omogu\u0107avaju osnovnu funkcionalnost internetske stranice, kao \u0161to su npr. upis korisnika na stranici te ure\u0111ivanje ra\u010duna. Internetsku stranicu ne mo\u017eete odgovaraju\u0107e upotrebljavati bez nu\u017eno potrebnih kola\u010di\u0107a.<\/p><p><strong>Izvedba<\/strong><br \/>Izvedbeni kola\u010di\u0107i upotrebljavaju se za prikupljanje informacija o na\u010dinu uporabe internetske stranice, npr. analiti\u010dni kola\u010di\u0107i. Ovi kola\u010di\u0107i ne mogu se upotrebljavati za neposredno prepoznavanje odre\u0111enog posjetitelja.<\/p><p><strong>Ciljanost<\/strong><br \/>Ciljani kola\u010di\u0107i upotrebljavaju se za prepoznavanje posjetitelja me\u0111u razli\u010ditim internetskim stranicama, npr. sadr\u017eajnim partnerima, mre\u017eama reklama. Ove kola\u010di\u0107e tvrtke mogu upotrebljavati u svrhe stvaranja profila posjetitelja ili za prikazivanje relevantnih oglasa na drugim internetskim stranicama.<\/p><p><strong>Funkcionalnost<\/strong><br \/>Funkcionalni kola\u010di\u0107i upotrebljavaju se u svrhe pam\u0107enja informacija o korisniku od strane internetske stranice, npr. jezik, vremensku zonu, pobolj\u0161ani sadr\u017eaj.<\/p><p><strong>Nerazvrstano<\/strong><br \/>Funkcionalni kola\u010di\u0107i upotrebljavaju se u svrhe pam\u0107enja informacija o korisniku od strane internetske stranice, npr. jezik, vremensku zonu, pobolj\u0161ani sadr\u017eaj.<\/p><p>Ovisno o postavkama na Va\u0161em internetskom pretra\u017eiva\u010du, kola\u010di\u0107i se mogu automatski prihva\u0107ati. Ako niste suglasni s njihovom upotrebom, kola\u010di\u0107e mo\u017eete u bilo kojem trenutku izbrisati i\/ili trajno isklju\u010diti na ra\u010dunalu ili mobilnom ure\u0111aju pomo\u0107u postavki preglednika kojim se koristite. Vi\u0161e informacija o upravljanju kola\u010di\u0107ima mo\u017ee se prona\u0107i na stranicama preglednika kojim se koristite.<\/p><ul><li>Google Chrome<\/li><li>Firefox<\/li><li>Internet Explorer<\/li><li>Safari<\/li><\/ul><p>Na ovoj stranici mo\u017eete prona\u0107i poveznice na druge internet stranice ili portale na kojima za\u0161tita osobnih podataka mo\u017ee biti druga\u010dije ure\u0111ena.<\/p><p><strong>Izjava o pristupa\u010dnosti<\/strong><\/p><p>Kao tijelo javnog sektora, &#8216;Mjerenja otpada od hrane&#8217; nastoji svoju mre\u017enu stranicu u\u010diniti pristupa\u010dnom u skladu sa Zakonom o pristupa\u010dnosti mre\u017enih stranica i programskih rje\u0161enja za pokretne ure\u0111aje tijela javnog sektora Republike Hrvatske (\u201eNarodne novine\u201c, broj 17\/19; dalje u tekstu: Zakon) kojim se prenosi Direktiva (EU) 2016\/2102 Europskog parlamenta i Vije\u0107a od 26. listopada 2016. o pristupa\u010dnosti internetskih stranica i mobilnih aplikacija tijela javnog sektora (SL L 327, 2.12.2016.). Ova Izjava o pristupa\u010dnosti primjenjuje se na mre\u017eno sjedi\u0161te &#8216;Mjerenja otpada od hrane&#8217;, koje se nalazi na adresi https:\/\/otpadodhrane.mingor.hr.<\/p><p><strong>Stupanj uskla\u0111enosti<\/strong><\/p><p>Mre\u017ena lokacija https:\/\/otpadodhrane.mingor.hr djelomi\u010dno je uskla\u0111ena sa Zakonom o pristupa\u010dnosti mre\u017enih stranica i programskih rje\u0161enja za pokretne ure\u0111aje tijela javnog sektora, zbog neuskla\u0111enosti koje su navedene u nastavku.<\/p><p><strong>Nepristupa\u010dan sadr\u017eaj<\/strong><\/p><p>Sadr\u017eaj naveden u nastavku je nepristupa\u010dan zbog sljede\u0107ih razloga:<\/p><ul><li>neki tekstovi ne podlije\u017eu pove\u0107anju<\/li><li>dio fotografija\/grafova nema prikladan tekstualni opis (alt tekst).<\/li><\/ul><p>\u00a0<\/p><p><strong>Podizanje razine pristupa\u010dnosti<\/strong><\/p><p>&#8216;Mjerenja otpada od hrane&#8217; \u0107e provesti korektivne mjere za rje\u0161avanje problema nepristupa\u010dnog sadr\u017eaja, u daljnjoj nadogradnji mre\u017ene lokacije https:\/\/otpadodhrane.mingor.hr implementirat \u0107e se preporuke za unaprje\u0111enje pristupa\u010dnosti, te \u0107e se nastojati podi\u0107i razina pristupa\u010dnosti u najve\u0107oj mogu\u0107oj mjeri.<\/p><p><strong>Priprema ove Izjave o pristupa\u010dnosti<\/strong><\/p><p>Ova izjava sastavljena je 22. sije\u010dnja 2024. godine, prema Predlo\u0161ku izjave o pristupa\u010dnosti koji je u skladu s Direktivom (EU) 2016\/2102 Europskog parlamenta i Vije\u0107a o pristupa\u010dnosti internetskih stranica i mobilnih aplikacija tijela javnog sektora, a utvr\u0111en je Provedbenom odlukom Komisije (EU) 2018\/1523.<\/p><p>Procjena uskla\u0111enosti sa zahtjevima pristupa\u010dnosti rezultat je samoprocjene &#8216;Mjerenja otpada od hrane&#8217;.<\/p><p>Izjava je zadnji put preispitana 22. sije\u010dnja 2024.<\/p><p>&#8216;Mjerenja otpada od hrane&#8217; \u0107e redovito revidirati ovu izjavu po otklanjanju razloga zbog kojih su pojedini sadr\u017eaji bili nepristupa\u010dni.<\/p><p>Samoprocjena je izvr\u0161ena na temelju sljede\u0107ih elemenata pristupa\u010dnosti (prema: MSU):<\/p><p><strong>Elementi pristupa\u010dnosti:<\/strong><\/p><ul><li>koriste li se za tekst jednostavni, \u010ditljivi fontovi bez serif obilje\u017eja:<\/li><li>je li sav tekst poravnan po lijevoj margini:<\/li><li>je li mogu\u0107a promjena veli\u010dine slova bez gubitka okolnog teksta (sadr\u017eaja):<\/li><li>postoji li opcija uklju\u010divanja fonta za osobe s disleksijom:<\/li><li>je li dobar kontrast teksta, tekstualnih okvira i slika u odnosu na pozadinu stranica:<\/li><li>postoji li opcija promjene kontrasta na stranici:<\/li><li>jesu li jasno ozna\u010deni bljeskaju\u0107i elementi stranice:<\/li><li>sadr\u017ee li slike, grafovi i dijagrami &lt;alt&gt; atribute:<\/li><li>sadr\u017ee li slike, grafovi i dijagrami kratki tekstualni opis:<\/li><li>ima li opis funkcija slike prednost pred opisom njenog sadr\u017eaja:<\/li><li>odabiru li se izbornici klikom na poveznicu umjesto prelaskom preko nje:<\/li><li>jesu li poveznice u tekstu na stranici podcrtane ili ozna\u010dene na drugi jasan na\u010din:<\/li><li>jesu li poveznice deskriptivne i pru\u017eaju li informaciju o sadr\u017eaju na koji vode:<\/li><li>imaju li video zapisi podnaslove na hrvatskom jeziku:<\/li><li>jesu li na snimljenim audio i video materijalima zvukovi jasni i razumljivi:<\/li><li>je li veli\u010dina ikona zadovoljavaju\u0107a:<\/li><li>je li mogu\u0107e kretanje kroz sadr\u017eaj stranice i njegovo kori\u0161tenje samo putem tipkovnice:<\/li><li>jesu li datoteke (.pdf, .xls, .doc i sli\u010dno) dostupne u formatu u kojem ih mo\u017ee pro\u010ditati \u010dita\u010d ekrana:<\/li><\/ul><p>\u00a0<\/p><p><strong>Povratne informacije i podaci za kontakt<\/strong><\/p><p>Sve upite vezane uz pristupa\u010dnost mre\u017ene lokacije https:\/\/otpadodhrane.mingor.hr korisnici mogu uputiti na e-mail zavod@mingor.hr ili na adresu Radni\u010dka cesta 80\/7, 10000 Zagreb, s naznakom \u2013 slu\u017ebeniku za informiranje.<\/p><p>Molimo korisnike mre\u017ene lokacije https:\/\/otpadodhrane.mingor.hr ako primijete neuskla\u0111en sadr\u017eaj, koji nije obuhva\u0107en ovom izjavom, da nas o tome obavijeste na e-mail zavod@mingor.hr, broj telefona: +385 (0)1 5502 900 ili na faks: +385 (0)1 5502 901.<\/p><p>&#8216;Mjerenja otpada od hrane&#8217; je du\u017ean na upit, obavijest ili zahtjev korisnika vezano uz osiguravanje pristupa\u010dnosti odgovoriti u roku od 15 dana od dana primitka obavijesti, odnosno zahtjeva ili ga u istom roku, uz detaljno obrazlo\u017eenje razloga koji zahtijevaju odgodu, obavijestiti o naknadnom roku u kojem \u0107e odgovoriti na korisnikovu obavijest ili zahtjev.<\/p><p><strong>Postupak pra\u0107enja provedbe propisa<\/strong><\/p><p>Povjerenik za informiranje Republike Hrvatske je tijelo nadle\u017eno za pra\u0107enje uskla\u0111enosti mre\u017enih stranica i programskih rje\u0161enja za pokretne ure\u0111aje tijela javnog sektora sa zahtjevima pristupa\u010dnosti kao i za nadzor nad provedbom Zakona.<\/p><p>U slu\u010daju nezadovoljavaju\u0107ih odgovora na obavijest ili zahtjev za povratne informacije o pristupa\u010dnosti mre\u017ene lokacije https:\/\/otpadodhrane.mingor.hr, korisnici se mogu obratiti Povjereniku za informiranje putem elektroni\u010dke po\u0161te: pristupacnost@pristupinfo.hr.<\/p>\t\t\t\t\t\t\t\t<\/div>\n\t\t\t\t<\/div>\n\t\t\t\t\t<\/div>\n\t\t\t\t<\/div>\n\t\t\t\t\t<\/div>\n\t\t\t\t<\/div>\n\t\t\t\t<\/div>\n\t\t","protected":false},"excerpt":{"rendered":"<p>Upotreba kola\u010di\u0107a (Cookies) Internet stranica koristi kola\u010di\u0107e. Kola\u010di\u0107ima se smatraju datoteke male veli\u010dine koje se privremeno pohranjuju na Va\u0161em tvrdom disku, \u0161to na\u0161oj internet stranici omogu\u0107ava prepoznavanje Va\u0161ega ra\u010dunala prilikom sljede\u0107eg posjeta na\u0161im stranicama. Navedeni alati mogu prikupljati i pohranjivati tehni\u010dke podatke kao \u0161to su IP adresa, identifikator mobilnog ure\u0111aja, podatke o pregledniku i sli\u010dno. [&hellip;]<\/p>\n","protected":false},"author":1,"featured_media":0,"parent":0,"menu_order":0,"comment_status":"closed","ping_status":"closed","template":"","meta":{"inline_featured_image":false,"footnotes":""},"class_list":["post-984","page","type-page","status-publish","hentry"],"acf":[],"yoast_head":"<!-- This site is optimized with the Yoast SEO plugin v24.4 - https:\/\/yoast.com\/wordpress\/plugins\/seo\/ -->\n<title>Politika kola\u010di\u0107a - Mjerenja otpada od hrane<\/title>\n<meta name=\"robots\" content=\"index, follow, max-snippet:-1, max-image-preview:large, max-video-preview:-1\" \/>\n<link rel=\"canonical\" href=\"https:\/\/otpadodhrane.mingor.hr\/?page_id=984\" \/>\n<meta property=\"og:locale\" content=\"hr_HR\" \/>\n<meta property=\"og:type\" content=\"article\" \/>\n<meta property=\"og:title\" content=\"Politika kola\u010di\u0107a - Mjerenja otpada od hrane\" \/>\n<meta property=\"og:description\" content=\"Upotreba kola\u010di\u0107a (Cookies) Internet stranica koristi kola\u010di\u0107e. Kola\u010di\u0107ima se smatraju datoteke male veli\u010dine koje se privremeno pohranjuju na Va\u0161em tvrdom disku, \u0161to na\u0161oj internet stranici omogu\u0107ava prepoznavanje Va\u0161ega ra\u010dunala prilikom sljede\u0107eg posjeta na\u0161im stranicama. Navedeni alati mogu prikupljati i pohranjivati tehni\u010dke podatke kao \u0161to su IP adresa, identifikator mobilnog ure\u0111aja, podatke o pregledniku i sli\u010dno. [&hellip;]\" \/>\n<meta property=\"og:url\" content=\"https:\/\/otpadodhrane.mingor.hr\/?page_id=984\" \/>\n<meta property=\"og:site_name\" content=\"Mjerenja otpada od hrane\" \/>\n<meta property=\"article:modified_time\" content=\"2024-02-01T08:28:38+00:00\" \/>\n<meta name=\"twitter:card\" content=\"summary_large_image\" \/>\n<meta name=\"twitter:label1\" content=\"Procijenjeno vrijeme \u010ditanja\" \/>\n\t<meta name=\"twitter:data1\" content=\"6 minuta\" \/>\n<script type=\"application\/ld+json\" class=\"yoast-schema-graph\">{\"@context\":\"https:\/\/schema.org\",\"@graph\":[{\"@type\":\"WebPage\",\"@id\":\"https:\/\/otpadodhrane.mingor.hr\/?page_id=984\",\"url\":\"https:\/\/otpadodhrane.mingor.hr\/?page_id=984\",\"name\":\"Politika kola\u010di\u0107a - Mjerenja otpada od hrane\",\"isPartOf\":{\"@id\":\"https:\/\/otpadodhrane.mingor.hr\/#website\"},\"datePublished\":\"2024-01-11T14:05:09+00:00\",\"dateModified\":\"2024-02-01T08:28:38+00:00\",\"breadcrumb\":{\"@id\":\"https:\/\/otpadodhrane.mingor.hr\/?page_id=984#breadcrumb\"},\"inLanguage\":\"hr\",\"potentialAction\":[{\"@type\":\"ReadAction\",\"target\":[\"https:\/\/otpadodhrane.mingor.hr\/?page_id=984\"]}]},{\"@type\":\"BreadcrumbList\",\"@id\":\"https:\/\/otpadodhrane.mingor.hr\/?page_id=984#breadcrumb\",\"itemListElement\":[{\"@type\":\"ListItem\",\"position\":1,\"name\":\"Po\u010detna stranica\",\"item\":\"https:\/\/otpadodhrane.mingor.hr\/\"},{\"@type\":\"ListItem\",\"position\":2,\"name\":\"Politika kola\u010di\u0107a\"}]},{\"@type\":\"WebSite\",\"@id\":\"https:\/\/otpadodhrane.mingor.hr\/#website\",\"url\":\"https:\/\/otpadodhrane.mingor.hr\/\",\"name\":\"Mjerenja otpada od hrane\",\"description\":\"\",\"publisher\":{\"@id\":\"https:\/\/otpadodhrane.mingor.hr\/#organization\"},\"potentialAction\":[{\"@type\":\"SearchAction\",\"target\":{\"@type\":\"EntryPoint\",\"urlTemplate\":\"https:\/\/otpadodhrane.mingor.hr\/?s={search_term_string}\"},\"query-input\":{\"@type\":\"PropertyValueSpecification\",\"valueRequired\":true,\"valueName\":\"search_term_string\"}}],\"inLanguage\":\"hr\"},{\"@type\":\"Organization\",\"@id\":\"https:\/\/otpadodhrane.mingor.hr\/#organization\",\"name\":\"Mjerenja otpada od hrane\",\"url\":\"https:\/\/otpadodhrane.mingor.hr\/\",\"logo\":{\"@type\":\"ImageObject\",\"inLanguage\":\"hr\",\"@id\":\"https:\/\/otpadodhrane.mingor.hr\/#\/schema\/logo\/image\/\",\"url\":\"https:\/\/otpadodhrane.haop.hr\/wp-content\/uploads\/2023\/12\/Layer_1-24.svg\",\"contentUrl\":\"https:\/\/otpadodhrane.haop.hr\/wp-content\/uploads\/2023\/12\/Layer_1-24.svg\",\"width\":229,\"height\":100,\"caption\":\"Mjerenja otpada od hrane\"},\"image\":{\"@id\":\"https:\/\/otpadodhrane.mingor.hr\/#\/schema\/logo\/image\/\"}}]}<\/script>\n<!-- \/ Yoast SEO plugin. -->","yoast_head_json":{"title":"Politika kola\u010di\u0107a - Mjerenja otpada od hrane","robots":{"index":"index","follow":"follow","max-snippet":"max-snippet:-1","max-image-preview":"max-image-preview:large","max-video-preview":"max-video-preview:-1"},"canonical":"https:\/\/otpadodhrane.mingor.hr\/?page_id=984","og_locale":"hr_HR","og_type":"article","og_title":"Politika kola\u010di\u0107a - Mjerenja otpada od hrane","og_description":"Upotreba kola\u010di\u0107a (Cookies) Internet stranica koristi kola\u010di\u0107e. Kola\u010di\u0107ima se smatraju datoteke male veli\u010dine koje se privremeno pohranjuju na Va\u0161em tvrdom disku, \u0161to na\u0161oj internet stranici omogu\u0107ava prepoznavanje Va\u0161ega ra\u010dunala prilikom sljede\u0107eg posjeta na\u0161im stranicama. Navedeni alati mogu prikupljati i pohranjivati tehni\u010dke podatke kao \u0161to su IP adresa, identifikator mobilnog ure\u0111aja, podatke o pregledniku i sli\u010dno. [&hellip;]","og_url":"https:\/\/otpadodhrane.mingor.hr\/?page_id=984","og_site_name":"Mjerenja otpada od hrane","article_modified_time":"2024-02-01T08:28:38+00:00","twitter_card":"summary_large_image","twitter_misc":{"Procijenjeno vrijeme \u010ditanja":"6 minuta"},"schema":{"@context":"https:\/\/schema.org","@graph":[{"@type":"WebPage","@id":"https:\/\/otpadodhrane.mingor.hr\/?page_id=984","url":"https:\/\/otpadodhrane.mingor.hr\/?page_id=984","name":"Politika kola\u010di\u0107a - Mjerenja otpada od hrane","isPartOf":{"@id":"https:\/\/otpadodhrane.mingor.hr\/#website"},"datePublished":"2024-01-11T14:05:09+00:00","dateModified":"2024-02-01T08:28:38+00:00","breadcrumb":{"@id":"https:\/\/otpadodhrane.mingor.hr\/?page_id=984#breadcrumb"},"inLanguage":"hr","potentialAction":[{"@type":"ReadAction","target":["https:\/\/otpadodhrane.mingor.hr\/?page_id=984"]}]},{"@type":"BreadcrumbList","@id":"https:\/\/otpadodhrane.mingor.hr\/?page_id=984#breadcrumb","itemListElement":[{"@type":"ListItem","position":1,"name":"Po\u010detna stranica","item":"https:\/\/otpadodhrane.mingor.hr\/"},{"@type":"ListItem","position":2,"name":"Politika kola\u010di\u0107a"}]},{"@type":"WebSite","@id":"https:\/\/otpadodhrane.mingor.hr\/#website","url":"https:\/\/otpadodhrane.mingor.hr\/","name":"Mjerenja otpada od hrane","description":"","publisher":{"@id":"https:\/\/otpadodhrane.mingor.hr\/#organization"},"potentialAction":[{"@type":"SearchAction","target":{"@type":"EntryPoint","urlTemplate":"https:\/\/otpadodhrane.mingor.hr\/?s={search_term_string}"},"query-input":{"@type":"PropertyValueSpecification","valueRequired":true,"valueName":"search_term_string"}}],"inLanguage":"hr"},{"@type":"Organization","@id":"https:\/\/otpadodhrane.mingor.hr\/#organization","name":"Mjerenja otpada od hrane","url":"https:\/\/otpadodhrane.mingor.hr\/","logo":{"@type":"ImageObject","inLanguage":"hr","@id":"https:\/\/otpadodhrane.mingor.hr\/#\/schema\/logo\/image\/","url":"https:\/\/otpadodhrane.haop.hr\/wp-content\/uploads\/2023\/12\/Layer_1-24.svg","contentUrl":"https:\/\/otpadodhrane.haop.hr\/wp-content\/uploads\/2023\/12\/Layer_1-24.svg","width":229,"height":100,"caption":"Mjerenja otpada od hrane"},"image":{"@id":"https:\/\/otpadodhrane.mingor.hr\/#\/schema\/logo\/image\/"}}]}},"_links":{"self":[{"href":"https:\/\/otpadodhrane.haop.hr\/index.php?rest_route=\/wp\/v2\/pages\/984","targetHints":{"allow":["GET"]}}],"collection":[{"href":"https:\/\/otpadodhrane.haop.hr\/index.php?rest_route=\/wp\/v2\/pages"}],"about":[{"href":"https:\/\/otpadodhrane.haop.hr\/index.php?rest_route=\/wp\/v2\/types\/page"}],"author":[{"embeddable":true,"href":"https:\/\/otpadodhrane.haop.hr\/index.php?rest_route=\/wp\/v2\/users\/1"}],"replies":[{"embeddable":true,"href":"https:\/\/otpadodhrane.haop.hr\/index.php?rest_route=%2Fwp%2Fv2%2Fcomments&post=984"}],"version-history":[{"count":19,"href":"https:\/\/otpadodhrane.haop.hr\/index.php?rest_route=\/wp\/v2\/pages\/984\/revisions"}],"predecessor-version":[{"id":1126,"href":"https:\/\/otpadodhrane.haop.hr\/index.php?rest_route=\/wp\/v2\/pages\/984\/revisions\/1126"}],"wp:attachment":[{"href":"https:\/\/otpadodhrane.haop.hr\/index.php?rest_route=%2Fwp%2Fv2%2Fmedia&parent=984"}],"curies":[{"name":"wp","href":"https:\/\/api.w.org\/{rel}","templated":true}]}}