{"id":976,"date":"2024-01-11T15:03:49","date_gmt":"2024-01-11T14:03:49","guid":{"rendered":"http:\/\/test-moh.hr.dedi3734.your-server.de\/?page_id=976"},"modified":"2024-02-01T09:28:52","modified_gmt":"2024-02-01T08:28:52","slug":"uvjeti-koristenja","status":"publish","type":"page","link":"https:\/\/otpadodhrane.haop.hr\/?page_id=976","title":{"rendered":"Uvjeti kori\u0161tenja"},"content":{"rendered":"\t\t<div data-elementor-type=\"wp-page\" data-elementor-id=\"976\" class=\"elementor elementor-976\" data-elementor-post-type=\"page\">\n\t\t\t\t<div class=\"elementor-element elementor-element-0d086f0 e-flex e-con-boxed e-con e-parent\" data-id=\"0d086f0\" data-element_type=\"container\" data-settings=\"{&quot;background_background&quot;:&quot;classic&quot;}\">\n\t\t\t\t\t<div class=\"e-con-inner\">\n\t\t<div class=\"elementor-element elementor-element-1424316 e-flex e-con-boxed e-con e-child\" data-id=\"1424316\" data-element_type=\"container\" data-settings=\"{&quot;background_background&quot;:&quot;classic&quot;}\">\n\t\t\t\t\t<div class=\"e-con-inner\">\n\t\t\t\t<div class=\"elementor-element elementor-element-3f011a4 elementor-widget elementor-widget-heading\" data-id=\"3f011a4\" data-element_type=\"widget\" data-widget_type=\"heading.default\">\n\t\t\t\t<div class=\"elementor-widget-container\">\n\t\t\t\t\t<h2 class=\"elementor-heading-title elementor-size-default\">Op\u0107i uvjeti kori\u0161tenja<\/h2>\t\t\t\t<\/div>\n\t\t\t\t<\/div>\n\t\t\t\t<div class=\"elementor-element elementor-element-9f0ac36 elementor-widget elementor-widget-text-editor\" data-id=\"9f0ac36\" data-element_type=\"widget\" data-widget_type=\"text-editor.default\">\n\t\t\t\t<div class=\"elementor-widget-container\">\n\t\t\t\t\t\t\t\t\t<p>Mjerenje otpada od hrane (u daljnjem tekstu: MOH) je web portal Informacijskog sustava gospodarenja otpadom (ISGO) kojeg uspostavlja, vodi i administrira Zavod za za\u0161titu okoli\u0161a i prirode (u daljnjem tekstu: ZZOP) Ministarstva gospodarstva i odr\u017eivog razvoja (MINGOR).<\/p><p>Koriste\u0107i MOH, Korisnik pristaje na ove Op\u0107e uvjete kori\u0161tenja, razumije ih i prihva\u0107a, a reguliranje svih pravnih odnosa koji proizlaze ili mogu proiza\u0107i iz kori\u0161tenja baze provodi se u skladu s ovim Uvjetima.<\/p><p>Podatke sa MOH-a mogu\u0107e je preuzeti u obliku .xlsx ili .jpg datoteke. Sav sadr\u017eaj u obliku prikazanom na MOH-u mo\u017ee se prenositi bez posebne dozvole uz navo\u0111enje izvora (osim u slu\u010daju kada je izri\u010dito navedeno da je sadr\u017eaj prenesen iz drugog izvora). Dakle, ponovna upotreba je dopu\u0161tena uz uvjet da bude naveden izvor podataka. Dopu\u0161teno je stavljati poveznicu mre\u017ene stranice MOH-a na druge stranice.<\/p><p>ZZOP ne snosi odgovornost za izravnu ili neizravnu \u0161tetu koja je nastala upotrebom ove stranice. ZZOP se u potpunosti odri\u010de svake odgovornosti koja je na bilo koji na\u010din vezana uz kori\u0161tenje stranice od strane korisnika bilo uporabom ili zlouporabom sadr\u017eaja, te za bilo kakvu \u0161tetu koja mo\u017ee nastati korisniku ili tre\u0107oj strani u vezi s uporabom ili zlouporabom sadr\u017eaja stranice. Odricanjem od navedene odgovornosti ZZOP-u nije cilj smanjiti odgovornost za njeno postupanje u skladu sa zakonskim propisima.<\/p><p>Tako\u0111er, ZZOP ne mo\u017ee zajam\u010diti pouzdanost i a\u017euriranost informacija koje potje\u010du iz vanjskih izvora, a nalaze se na ovoj internetskoj stranici. Informacije na ovoj internetskoj stranici mogu sadr\u017eavati poveznice na internetske stranice koje su izvan nadzora slu\u017ebi ZZOP-a i za koje ne mo\u017eemo prihvatiti odgovornost.<\/p><p>Korisnik pristankom na ove Op\u0107e uvjete kori\u0161tenja potvr\u0111uje da je upoznat da ZZOP, autor sadr\u017eaja, unositelj sadr\u017eaja ili bilo koja druga osoba odgovorna za sadr\u017eaj MOH-a, nisu odgovorne za bilo koju daljnju analizu i\/ili interpretaciju bilo kojeg segmenta preuzetog iz MOH-a kao niti za mogu\u0107u \u0161tetu koja bi time nastala. Korisnik se obvezuje sadr\u017eaj MOH-a koristiti na na\u010din koji je u skladu s navedenim upozorenjem.<\/p><p>ZZOP zadr\u017eava pravo izmjene Op\u0107ih uvjeta kori\u0161tenja javno dostupnih podataka i sadr\u017eaja u bilo kojem trenutku. Promjene stupaju na snagu objavljivanjem na adresi ove mre\u017ene stranice.<\/p><p>Za sva pitanja u vezi kori\u0161tenja podataka i ostalog sadr\u017eaja obratite se na e-mail <a href=\"mailto:zavod@mingor.hr\">zavod@mingor.hr<\/a> s naznakom sadr\u017eaja: \u201eMjerenje otpada od hrane\u201c.<\/p><p>Kako bi posjet ovoj internetskoj stranici bio \u0161to ugodniji, funkcionalniji i prakti\u010dniji, ova internet stranica sprema na va\u0161e ra\u010dunalo odre\u0111enu koli\u010dinu informacija, takozvanih cookies (kola\u010di\u0107i).<\/p>\t\t\t\t\t\t\t\t<\/div>\n\t\t\t\t<\/div>\n\t\t\t\t\t<\/div>\n\t\t\t\t<\/div>\n\t\t\t\t\t<\/div>\n\t\t\t\t<\/div>\n\t\t\t\t<\/div>\n\t\t","protected":false},"excerpt":{"rendered":"<p>Op\u0107i uvjeti kori\u0161tenja Mjerenje otpada od hrane (u daljnjem tekstu: MOH) je web portal Informacijskog sustava gospodarenja otpadom (ISGO) kojeg uspostavlja, vodi i administrira Zavod za za\u0161titu okoli\u0161a i prirode (u daljnjem tekstu: ZZOP) Ministarstva gospodarstva i odr\u017eivog razvoja (MINGOR). Koriste\u0107i MOH, Korisnik pristaje na ove Op\u0107e uvjete kori\u0161tenja, razumije ih i prihva\u0107a, a reguliranje [&hellip;]<\/p>\n","protected":false},"author":1,"featured_media":0,"parent":0,"menu_order":0,"comment_status":"closed","ping_status":"closed","template":"","meta":{"inline_featured_image":false,"footnotes":""},"class_list":["post-976","page","type-page","status-publish","hentry"],"acf":[],"yoast_head":"<!-- This site is optimized with the Yoast SEO plugin v24.4 - https:\/\/yoast.com\/wordpress\/plugins\/seo\/ -->\n<title>Uvjeti kori\u0161tenja - Mjerenja otpada od hrane<\/title>\n<meta name=\"robots\" content=\"index, follow, max-snippet:-1, max-image-preview:large, max-video-preview:-1\" \/>\n<link rel=\"canonical\" href=\"https:\/\/otpadodhrane.mingor.hr\/?page_id=976\" \/>\n<meta property=\"og:locale\" content=\"hr_HR\" \/>\n<meta property=\"og:type\" content=\"article\" \/>\n<meta property=\"og:title\" content=\"Uvjeti kori\u0161tenja - Mjerenja otpada od hrane\" \/>\n<meta property=\"og:description\" content=\"Op\u0107i uvjeti kori\u0161tenja Mjerenje otpada od hrane (u daljnjem tekstu: MOH) je web portal Informacijskog sustava gospodarenja otpadom (ISGO) kojeg uspostavlja, vodi i administrira Zavod za za\u0161titu okoli\u0161a i prirode (u daljnjem tekstu: ZZOP) Ministarstva gospodarstva i odr\u017eivog razvoja (MINGOR). Koriste\u0107i MOH, Korisnik pristaje na ove Op\u0107e uvjete kori\u0161tenja, razumije ih i prihva\u0107a, a reguliranje [&hellip;]\" \/>\n<meta property=\"og:url\" content=\"https:\/\/otpadodhrane.mingor.hr\/?page_id=976\" \/>\n<meta property=\"og:site_name\" content=\"Mjerenja otpada od hrane\" \/>\n<meta property=\"article:modified_time\" content=\"2024-02-01T08:28:52+00:00\" \/>\n<meta name=\"twitter:card\" content=\"summary_large_image\" \/>\n<meta name=\"twitter:label1\" content=\"Procijenjeno vrijeme \u010ditanja\" \/>\n\t<meta name=\"twitter:data1\" content=\"2 minute\" \/>\n<script type=\"application\/ld+json\" class=\"yoast-schema-graph\">{\"@context\":\"https:\/\/schema.org\",\"@graph\":[{\"@type\":\"WebPage\",\"@id\":\"https:\/\/otpadodhrane.mingor.hr\/?page_id=976\",\"url\":\"https:\/\/otpadodhrane.mingor.hr\/?page_id=976\",\"name\":\"Uvjeti kori\u0161tenja - Mjerenja otpada od hrane\",\"isPartOf\":{\"@id\":\"https:\/\/otpadodhrane.mingor.hr\/#website\"},\"datePublished\":\"2024-01-11T14:03:49+00:00\",\"dateModified\":\"2024-02-01T08:28:52+00:00\",\"breadcrumb\":{\"@id\":\"https:\/\/otpadodhrane.mingor.hr\/?page_id=976#breadcrumb\"},\"inLanguage\":\"hr\",\"potentialAction\":[{\"@type\":\"ReadAction\",\"target\":[\"https:\/\/otpadodhrane.mingor.hr\/?page_id=976\"]}]},{\"@type\":\"BreadcrumbList\",\"@id\":\"https:\/\/otpadodhrane.mingor.hr\/?page_id=976#breadcrumb\",\"itemListElement\":[{\"@type\":\"ListItem\",\"position\":1,\"name\":\"Po\u010detna stranica\",\"item\":\"https:\/\/otpadodhrane.mingor.hr\/\"},{\"@type\":\"ListItem\",\"position\":2,\"name\":\"Uvjeti kori\u0161tenja\"}]},{\"@type\":\"WebSite\",\"@id\":\"https:\/\/otpadodhrane.mingor.hr\/#website\",\"url\":\"https:\/\/otpadodhrane.mingor.hr\/\",\"name\":\"Mjerenja otpada od hrane\",\"description\":\"\",\"publisher\":{\"@id\":\"https:\/\/otpadodhrane.mingor.hr\/#organization\"},\"potentialAction\":[{\"@type\":\"SearchAction\",\"target\":{\"@type\":\"EntryPoint\",\"urlTemplate\":\"https:\/\/otpadodhrane.mingor.hr\/?s={search_term_string}\"},\"query-input\":{\"@type\":\"PropertyValueSpecification\",\"valueRequired\":true,\"valueName\":\"search_term_string\"}}],\"inLanguage\":\"hr\"},{\"@type\":\"Organization\",\"@id\":\"https:\/\/otpadodhrane.mingor.hr\/#organization\",\"name\":\"Mjerenja otpada od hrane\",\"url\":\"https:\/\/otpadodhrane.mingor.hr\/\",\"logo\":{\"@type\":\"ImageObject\",\"inLanguage\":\"hr\",\"@id\":\"https:\/\/otpadodhrane.mingor.hr\/#\/schema\/logo\/image\/\",\"url\":\"https:\/\/otpadodhrane.haop.hr\/wp-content\/uploads\/2023\/12\/Layer_1-24.svg\",\"contentUrl\":\"https:\/\/otpadodhrane.haop.hr\/wp-content\/uploads\/2023\/12\/Layer_1-24.svg\",\"width\":229,\"height\":100,\"caption\":\"Mjerenja otpada od hrane\"},\"image\":{\"@id\":\"https:\/\/otpadodhrane.mingor.hr\/#\/schema\/logo\/image\/\"}}]}<\/script>\n<!-- \/ Yoast SEO plugin. -->","yoast_head_json":{"title":"Uvjeti kori\u0161tenja - Mjerenja otpada od hrane","robots":{"index":"index","follow":"follow","max-snippet":"max-snippet:-1","max-image-preview":"max-image-preview:large","max-video-preview":"max-video-preview:-1"},"canonical":"https:\/\/otpadodhrane.mingor.hr\/?page_id=976","og_locale":"hr_HR","og_type":"article","og_title":"Uvjeti kori\u0161tenja - Mjerenja otpada od hrane","og_description":"Op\u0107i uvjeti kori\u0161tenja Mjerenje otpada od hrane (u daljnjem tekstu: MOH) je web portal Informacijskog sustava gospodarenja otpadom (ISGO) kojeg uspostavlja, vodi i administrira Zavod za za\u0161titu okoli\u0161a i prirode (u daljnjem tekstu: ZZOP) Ministarstva gospodarstva i odr\u017eivog razvoja (MINGOR). Koriste\u0107i MOH, Korisnik pristaje na ove Op\u0107e uvjete kori\u0161tenja, razumije ih i prihva\u0107a, a reguliranje [&hellip;]","og_url":"https:\/\/otpadodhrane.mingor.hr\/?page_id=976","og_site_name":"Mjerenja otpada od hrane","article_modified_time":"2024-02-01T08:28:52+00:00","twitter_card":"summary_large_image","twitter_misc":{"Procijenjeno vrijeme \u010ditanja":"2 minute"},"schema":{"@context":"https:\/\/schema.org","@graph":[{"@type":"WebPage","@id":"https:\/\/otpadodhrane.mingor.hr\/?page_id=976","url":"https:\/\/otpadodhrane.mingor.hr\/?page_id=976","name":"Uvjeti kori\u0161tenja - Mjerenja otpada od hrane","isPartOf":{"@id":"https:\/\/otpadodhrane.mingor.hr\/#website"},"datePublished":"2024-01-11T14:03:49+00:00","dateModified":"2024-02-01T08:28:52+00:00","breadcrumb":{"@id":"https:\/\/otpadodhrane.mingor.hr\/?page_id=976#breadcrumb"},"inLanguage":"hr","potentialAction":[{"@type":"ReadAction","target":["https:\/\/otpadodhrane.mingor.hr\/?page_id=976"]}]},{"@type":"BreadcrumbList","@id":"https:\/\/otpadodhrane.mingor.hr\/?page_id=976#breadcrumb","itemListElement":[{"@type":"ListItem","position":1,"name":"Po\u010detna stranica","item":"https:\/\/otpadodhrane.mingor.hr\/"},{"@type":"ListItem","position":2,"name":"Uvjeti kori\u0161tenja"}]},{"@type":"WebSite","@id":"https:\/\/otpadodhrane.mingor.hr\/#website","url":"https:\/\/otpadodhrane.mingor.hr\/","name":"Mjerenja otpada od hrane","description":"","publisher":{"@id":"https:\/\/otpadodhrane.mingor.hr\/#organization"},"potentialAction":[{"@type":"SearchAction","target":{"@type":"EntryPoint","urlTemplate":"https:\/\/otpadodhrane.mingor.hr\/?s={search_term_string}"},"query-input":{"@type":"PropertyValueSpecification","valueRequired":true,"valueName":"search_term_string"}}],"inLanguage":"hr"},{"@type":"Organization","@id":"https:\/\/otpadodhrane.mingor.hr\/#organization","name":"Mjerenja otpada od hrane","url":"https:\/\/otpadodhrane.mingor.hr\/","logo":{"@type":"ImageObject","inLanguage":"hr","@id":"https:\/\/otpadodhrane.mingor.hr\/#\/schema\/logo\/image\/","url":"https:\/\/otpadodhrane.haop.hr\/wp-content\/uploads\/2023\/12\/Layer_1-24.svg","contentUrl":"https:\/\/otpadodhrane.haop.hr\/wp-content\/uploads\/2023\/12\/Layer_1-24.svg","width":229,"height":100,"caption":"Mjerenja otpada od hrane"},"image":{"@id":"https:\/\/otpadodhrane.mingor.hr\/#\/schema\/logo\/image\/"}}]}},"_links":{"self":[{"href":"https:\/\/otpadodhrane.haop.hr\/index.php?rest_route=\/wp\/v2\/pages\/976","targetHints":{"allow":["GET"]}}],"collection":[{"href":"https:\/\/otpadodhrane.haop.hr\/index.php?rest_route=\/wp\/v2\/pages"}],"about":[{"href":"https:\/\/otpadodhrane.haop.hr\/index.php?rest_route=\/wp\/v2\/types\/page"}],"author":[{"embeddable":true,"href":"https:\/\/otpadodhrane.haop.hr\/index.php?rest_route=\/wp\/v2\/users\/1"}],"replies":[{"embeddable":true,"href":"https:\/\/otpadodhrane.haop.hr\/index.php?rest_route=%2Fwp%2Fv2%2Fcomments&post=976"}],"version-history":[{"count":16,"href":"https:\/\/otpadodhrane.haop.hr\/index.php?rest_route=\/wp\/v2\/pages\/976\/revisions"}],"predecessor-version":[{"id":1132,"href":"https:\/\/otpadodhrane.haop.hr\/index.php?rest_route=\/wp\/v2\/pages\/976\/revisions\/1132"}],"wp:attachment":[{"href":"https:\/\/otpadodhrane.haop.hr\/index.php?rest_route=%2Fwp%2Fv2%2Fmedia&parent=976"}],"curies":[{"name":"wp","href":"https:\/\/api.w.org\/{rel}","templated":true}]}}