{"id":3,"date":"2023-12-01T15:04:10","date_gmt":"2023-12-01T14:04:10","guid":{"rendered":"http:\/\/test-moh.hr.dedi3734.your-server.de\/?page_id=3"},"modified":"2024-02-01T09:28:46","modified_gmt":"2024-02-01T08:28:46","slug":"privatnost","status":"publish","type":"page","link":"https:\/\/otpadodhrane.haop.hr\/?page_id=3","title":{"rendered":"Pravila privatnosti"},"content":{"rendered":"\t\t<div data-elementor-type=\"wp-page\" data-elementor-id=\"3\" class=\"elementor elementor-3\" data-elementor-post-type=\"page\">\n\t\t\t\t<div class=\"elementor-element elementor-element-16675f9 e-flex e-con-boxed e-con e-parent\" data-id=\"16675f9\" data-element_type=\"container\" data-settings=\"{&quot;background_background&quot;:&quot;classic&quot;}\">\n\t\t\t\t\t<div class=\"e-con-inner\">\n\t\t<div class=\"elementor-element elementor-element-7d9af54 e-flex e-con-boxed e-con e-child\" data-id=\"7d9af54\" data-element_type=\"container\" data-settings=\"{&quot;background_background&quot;:&quot;classic&quot;}\">\n\t\t\t\t\t<div class=\"e-con-inner\">\n\t\t\t\t<div class=\"elementor-element elementor-element-42d7833 elementor-widget elementor-widget-heading\" data-id=\"42d7833\" data-element_type=\"widget\" data-widget_type=\"heading.default\">\n\t\t\t\t<div class=\"elementor-widget-container\">\n\t\t\t\t\t<h2 class=\"elementor-heading-title elementor-size-default\">Pravila privatnosti<\/h2>\t\t\t\t<\/div>\n\t\t\t\t<\/div>\n\t\t\t\t<div class=\"elementor-element elementor-element-12a53d9 elementor-widget elementor-widget-text-editor\" data-id=\"12a53d9\" data-element_type=\"widget\" data-widget_type=\"text-editor.default\">\n\t\t\t\t<div class=\"elementor-widget-container\">\n\t\t\t\t\t\t\t\t\t<p><strong>Osobni podaci koje <\/strong><strong>ZZOP<\/strong> <strong>prikuplja i obra\u0111uje<\/strong><\/p><p>Zavod za za\u0161titu okoli\u0161a i prirode (u daljnjem tekstu ZZOP) obra\u0111uje osobne podatke koje dobije izravno od ispitanika (npr. kod sklapanja ugovornog odnosa). U mjeri u kojoj je to potrebno za pru\u017eanje svojih usluga, ZZOP obra\u0111uje osobne podatke koje je dobio od tre\u0107ih osoba (ministarstava, FINA, banke, itd.) ili \u00a0prikupio iz javno dostupnih \u00a0izvora (npr. sudskog registra, obrtnog registra, tiska, medija, itd.), a koje nije zakonom zabranjeno obra\u0111ivati.\u00a0<\/p><p>Osobni podaci koje ZZOP obra\u0111uje su primjerice ime, prezime, adresa, osobni identifikacijski broj, kontakt podaci i drugi osobni podaci koje obra\u0111uje radi ispunjenja zakonskih obveza.<\/p><p><strong>Na\u010din, svrha i pravni temelj obrade osobnih podataka<\/strong><\/p><p>Osobne podatke ZZOP prikuplja, obra\u0111uje i pohranjuje isklju\u010divo u mjeri u kojoj je to potrebno za obavljanje svoje djelatnosti i temelji na zakonskoj osnovi, ugovornoj obvezi, legitimnom interesu ili privole.<\/p><p>Konkretna svrha i na\u010dini obrade osobnih podataka uvelike ovise o vrsti poslovnog odnosa na temelju kojeg se isti prikupljaju. ZZOP \u0161titi privatnost i osobne podatke obra\u0111uje po\u0161teno, transparentno i zakonito, a obrada je ograni\u010dena samo na one osobne podatke koji su mu nu\u017eni i za svrhu za koju su prikupljeni u sklopu njegovih poslovnih aktivnosti.<br \/>Pravni temelj obrade osobnih podataka od strane ZZOP-a su izvr\u0161avanje ZZOP-ovih zakonskih obveza, ugovornih obveza, legitimnih interesa (vo\u0111enje sudskih postupaka i vo\u0111enje evidencije o njima, otkrivanje po\u010dinitelja kaznenih djela i spre\u010davanje prijevara, itd.) i privole (ukoliko je ista nu\u017ena za obradu osobnih podataka ispitanika).<br \/>ZZOP ne radi automatsko dono\u0161enje odluka i\/ili profiliranje podataka ispitanika.<\/p><p><strong>Vrijeme \u010duvanja osobnih podataka<\/strong><\/p><p>Osobne podatke ZZOP obra\u0111uje dok se ne ispuni svrha njihove obrade, odnosno \u00a0dok je to potrebno za izvr\u0161enje njegovih zakonskih i ugovornih obveza. Nakon toga, isti se vi\u0161e ne koriste, te ostaju u ZZOP-ovom sustavu pohrane i \u010duvaju se sukladno rokovima propisanim zakonom ili drugim propisom i\/ili propisom o \u010duvanju arhivskog gradiva.<\/p><p>U slu\u010daju pokretanja sudskih i drugih postupaka, osobni podatci se \u010duvaju sve do kona\u010dnog dovr\u0161etka istih u skladu s va\u017ee\u0107im propisima.\u00a0<\/p><p>Privole koje su dane vrijede do opoziva, te ih ispitanici mogu opozvati u bilo kojem trenutku sukladno postupku povla\u010denja privole.<\/p><p>Povla\u010denje privole ne utje\u010de na zakonitost obrade koja se temeljila na privoli prije nego \u0161to je ona povu\u010dena.<\/p><p><strong>Sigurnost osobnih podataka<\/strong><\/p><p>Prikupljeni osobni podaci obra\u0111uju se uz obveznu primjenu odgovaraju\u0107ih pravnih, tehni\u010dkih i organizacijskih mjera sigurnosti kako bi se sprije\u010dila svaka nezakonita ili neovla\u0161tena obrada podataka. ZZOP kontinuirano educira zaposlenike o va\u017enosti povjerljivosti podataka te \u010duvanju privatnosti i za\u0161titi osobnih podataka.<\/p><p>Osobni podaci se \u010duvaju onoliko koliko je potrebno za ostvarenje svrhe obrade, osim u slu\u010daju kada postoji propisana obveza duljeg pohranjivanja osobnih podataka, odnosno u slu\u010daju kada to zahtijevaju legitimni interesi ZZOP-a (radi postavljanja, ostvarivanja ili za\u0161tite pravnih zahtjeva, itd.). Pristup osobnim podacima imaju isklju\u010divo ovla\u0161tene osobe ZZOP-a i partnera koji mu pru\u017eaju poslovnu podr\u0161ku (izvr\u0161itelji obrade).<\/p><p><strong>Primatelji osobnih podataka<\/strong><\/p><p>ZZOP se obvezuje \u010duvati osobne podatke i u pravilu ih ne priop\u0107ava odnosno ne \u010dini dostupnima tre\u0107im osobama bez posebnog odobrenja ispitanika, osim pru\u017eateljima usluga koje anga\u017eira kao izvr\u0161itelje obrade, nadle\u017enim tijelima\/institucijama u svrhu obavljanja poslova iz njihove nadle\u017enosti (npr. nadle\u017ene uprave ili inspekcije, MUP, banke, i sl.), kada su ti podaci potrebni sudu ili nadle\u017enom dr\u017eavnom odvjetni\u0161tvu, odnosno drugim tijelima u jednakovrijednim pravnim postupcima te kada je ZZOP zakonski du\u017ean dostavljati te podatke, kada je to potrebno radi izvr\u0161enja ugovorne obveze te kada je ZZOP zakonski du\u017ean dostavljati te podatke.<\/p><p>Va\u0161a prava u vezi obrade osobnih podataka<br \/>Ovisno o pravnoj osnovi obrade Va\u0161a prava mogu biti sljede\u0107a:<\/p><ul><li>pravo na pristup podacima koji se odnose na Vas (pristup osobnim podacima mo\u017ee biti ograni\u010den samo u slu\u010dajevima propisanim pravom Unije ili na\u0161im nacionalnim zakonodavstvom odnosno kada se takvim ograni\u010denjem po\u0161tuje bit temeljnih prava i sloboda drugih).<\/li><li>pravo na informaciju o obradi Va\u0161ih osobnih podataka (o kategoriji osobnih podataka, svrsi obrade, primateljima kojima se podatci dostavljaju, razdoblju pohrane, itd.)<\/li><li>pravo na prenosivost podataka (ukoliko je mogu\u0107e udovoljiti)<\/li><li>pravo na povla\u010denje privole ako je ista dana<\/li><li>pravo na ispravak i\/ili promjenu osobnih podataka u slu\u010daju ako su podaci nepotpuni ili neto\u010dni,\u00a0<br \/>ZZOP-u kao voditelju obrade pisanim putem, uklju\u010duju\u0107i i elektroni\u010dki oblik komunikacije, \u0161aljete zahtjev u kojem je potrebno navesti \u0161to konkretno od Va\u0161ih podataka nije to\u010dno, potpuno ili a\u017eurno i u kojem smislu bi navedeno trebalo ispraviti, a u prilogu dostavljate potrebnu dokumentaciju kojom potkrepljujete svoje navode.<\/li><li>pravo na brisanje (ukoliko ne postoje opravdani razlozi za \u010duvanje podataka), ako je ispunjen jedan od sljede\u0107ih uvjeta:<\/li><li>Va\u0161i osobni podaci vi\u0161e nisu nu\u017eni u odnosu na svrhu u koju smo ih prikupili ili obradili;<br \/>povukli ste privolu na kojoj se obrada temelji, a pritom ne postoji druga pravna osnova za obradu;<\/li><li>ulo\u017eili ste prigovor na obradu svojih osobnih podataka;<\/li><li>osobni podaci nezakonito su obra\u0111eni;<\/li><li>osobni podaci moraju se brisati radi po\u0161tivanja pravne obveze iz prava Unije ili prava \u00a0dr\u017eave kojoj podlije\u017ee ZZOP kao voditelj obrade.<\/li><\/ul><p>\u00a0<\/p><p>Pravo na brisanje nije apsolutno pravo i ne primjenjuje se kada je obrada nu\u017ena radi po\u0161tivanja zakonskih obveza kojima podlije\u017ee ZZOP, radi postavljanja, ostvarivanja ili obrane pravnih zahtjeva i sli\u010dno.<\/p><ul><li>pravo na ograni\u010denje obrade osobnih podataka (npr. kada prigovarate to\u010dnosti osobnih podatka, a za vrijeme dok ne provjerimo njihovu to\u010dnost, ako je obrada nezakonita, a protivite se njihovom brisanju, ako voditelj obrade vi\u0161e ne treba osobne podatke ali ste ih zatra\u017eili radi postavljanja, ostvarivanja ili obrane pravnih zahtjeva, ako ste ulo\u017eili prigovor na obradu Va\u0161ih osobnih podataka).<\/li><li>pravo na podno\u0161enje prigovora\u00a0<br \/>Ukoliko ispitanici smatraju da je ZZOP prilikom obrade njihovih osobnih podataka prekr\u0161io propise Unije ili nacionalne propise o za\u0161titi podataka, mogu se obratiti ZZOP-u kako bi razjasnili eventualna pitanja.\u00a0<br \/>Osim toga, ispitanici u svakom trenutku imaju pravo na pritu\u017ebu nacionalnom nadzornom tijelu Agenciji za za\u0161titu osobnih podataka (AZOP, www.azop.hr), Selska cesta 136, 10000 Zagreb, email: azop@azop.hr, \u00a0vezano uz obradu i za\u0161titu svojih osobnih podataka.<\/li><\/ul><p>\u00a0<\/p><p><strong>Ostvarivanje prava<\/strong><br \/>Ako \u017eelite ostvariti neko od naprijed navedenih prava, ili imate pitanja u vezi obrade Va\u0161ih osobnih podataka, kontaktirajte nas putem slanja po\u0161te na adresu Slu\u017ebenika za za\u0161titu podataka:<\/p><p>Ministarstvo gospodarstva i odr\u017eivog razvoja<\/p><ol><li>p. Slu\u017ebenika za za\u0161titu podataka Davor Golenja<br \/>Radni\u010dka cesta 80, 10 000 Zagreb<\/li><li>\u00a0ili na e-mail:<span style=\"text-decoration: underline; color: #808080;\"> <a style=\"color: #808080; text-decoration: underline;\" href=\"davor.golenja@mingor.hr\">davor.golenja@mingor.hr<\/a><\/span><\/li><\/ol><p>\u00a0<\/p><p>Po zahtjevima za ostvarenje prava ispitanika ZZOP \u0107e odgovoriti sukladno rokovima i ovla\u0161tenjima propisanim Uredbom ili internim aktima.\u00a0<br \/>U slu\u010daju dvojbe, od ispitanika se mogu zatra\u017eiti dodatne informacije radi provjere identiteta, a radi za\u0161tite prava ispitanika i privatne sfere.\u00a0<\/p><p><strong>Za\u0161tita osobnih podataka<\/strong><br \/>U slu\u010daju da, usprkos svim poduzetim sigurnosnim mjerama, povjerljivost ili dostupnost Va\u0161ih osobnih podataka bude na neki na\u010din ugro\u017eena, odmah \u0107emo obavijestiti Vas kao ispitanika i\/ili nadle\u017eno nadzorno tijelo, u skladu s primjenjivim propisima Unije i nacionalnim propisima.<\/p><p>Na ovoj stranici mo\u017eete prona\u0107i poveznice na druge internet stranice ili portale na kojima za\u0161tita osobnih podataka mo\u017ee biti druga\u010dije ure\u0111ena.<\/p>\t\t\t\t\t\t\t\t<\/div>\n\t\t\t\t<\/div>\n\t\t\t\t\t<\/div>\n\t\t\t\t<\/div>\n\t\t\t\t\t<\/div>\n\t\t\t\t<\/div>\n\t\t\t\t<\/div>\n\t\t","protected":false},"excerpt":{"rendered":"<p>Pravila privatnosti Osobni podaci koje ZZOP prikuplja i obra\u0111uje Zavod za za\u0161titu okoli\u0161a i prirode (u daljnjem tekstu ZZOP) obra\u0111uje osobne podatke koje dobije izravno od ispitanika (npr. kod sklapanja ugovornog odnosa). U mjeri u kojoj je to potrebno za pru\u017eanje svojih usluga, ZZOP obra\u0111uje osobne podatke koje je dobio od tre\u0107ih osoba (ministarstava, FINA, [&hellip;]<\/p>\n","protected":false},"author":1,"featured_media":0,"parent":0,"menu_order":0,"comment_status":"closed","ping_status":"closed","template":"","meta":{"inline_featured_image":false,"footnotes":""},"class_list":["post-3","page","type-page","status-publish","hentry"],"acf":[],"yoast_head":"<!-- This site is optimized with the Yoast SEO plugin v24.4 - https:\/\/yoast.com\/wordpress\/plugins\/seo\/ -->\n<title>Pravila privatnosti - Mjerenja otpada od hrane<\/title>\n<meta name=\"robots\" content=\"index, follow, max-snippet:-1, max-image-preview:large, max-video-preview:-1\" \/>\n<link rel=\"canonical\" href=\"https:\/\/otpadodhrane.mingor.hr\/?page_id=3\" \/>\n<meta property=\"og:locale\" content=\"hr_HR\" \/>\n<meta property=\"og:type\" content=\"article\" \/>\n<meta property=\"og:title\" content=\"Pravila privatnosti - Mjerenja otpada od hrane\" \/>\n<meta property=\"og:description\" content=\"Pravila privatnosti Osobni podaci koje ZZOP prikuplja i obra\u0111uje Zavod za za\u0161titu okoli\u0161a i prirode (u daljnjem tekstu ZZOP) obra\u0111uje osobne podatke koje dobije izravno od ispitanika (npr. kod sklapanja ugovornog odnosa). U mjeri u kojoj je to potrebno za pru\u017eanje svojih usluga, ZZOP obra\u0111uje osobne podatke koje je dobio od tre\u0107ih osoba (ministarstava, FINA, [&hellip;]\" \/>\n<meta property=\"og:url\" content=\"https:\/\/otpadodhrane.mingor.hr\/?page_id=3\" \/>\n<meta property=\"og:site_name\" content=\"Mjerenja otpada od hrane\" \/>\n<meta property=\"article:modified_time\" content=\"2024-02-01T08:28:46+00:00\" \/>\n<meta name=\"twitter:card\" content=\"summary_large_image\" \/>\n<meta name=\"twitter:label1\" content=\"Procijenjeno vrijeme \u010ditanja\" \/>\n\t<meta name=\"twitter:data1\" content=\"6 minuta\" \/>\n<script type=\"application\/ld+json\" class=\"yoast-schema-graph\">{\"@context\":\"https:\/\/schema.org\",\"@graph\":[{\"@type\":\"WebPage\",\"@id\":\"https:\/\/otpadodhrane.mingor.hr\/?page_id=3\",\"url\":\"https:\/\/otpadodhrane.mingor.hr\/?page_id=3\",\"name\":\"Pravila privatnosti - Mjerenja otpada od hrane\",\"isPartOf\":{\"@id\":\"https:\/\/otpadodhrane.mingor.hr\/#website\"},\"datePublished\":\"2023-12-01T14:04:10+00:00\",\"dateModified\":\"2024-02-01T08:28:46+00:00\",\"breadcrumb\":{\"@id\":\"https:\/\/otpadodhrane.mingor.hr\/?page_id=3#breadcrumb\"},\"inLanguage\":\"hr\",\"potentialAction\":[{\"@type\":\"ReadAction\",\"target\":[\"https:\/\/otpadodhrane.mingor.hr\/?page_id=3\"]}]},{\"@type\":\"BreadcrumbList\",\"@id\":\"https:\/\/otpadodhrane.mingor.hr\/?page_id=3#breadcrumb\",\"itemListElement\":[{\"@type\":\"ListItem\",\"position\":1,\"name\":\"Po\u010detna stranica\",\"item\":\"https:\/\/otpadodhrane.mingor.hr\/\"},{\"@type\":\"ListItem\",\"position\":2,\"name\":\"Pravila privatnosti\"}]},{\"@type\":\"WebSite\",\"@id\":\"https:\/\/otpadodhrane.mingor.hr\/#website\",\"url\":\"https:\/\/otpadodhrane.mingor.hr\/\",\"name\":\"Mjerenja otpada od hrane\",\"description\":\"\",\"publisher\":{\"@id\":\"https:\/\/otpadodhrane.mingor.hr\/#organization\"},\"potentialAction\":[{\"@type\":\"SearchAction\",\"target\":{\"@type\":\"EntryPoint\",\"urlTemplate\":\"https:\/\/otpadodhrane.mingor.hr\/?s={search_term_string}\"},\"query-input\":{\"@type\":\"PropertyValueSpecification\",\"valueRequired\":true,\"valueName\":\"search_term_string\"}}],\"inLanguage\":\"hr\"},{\"@type\":\"Organization\",\"@id\":\"https:\/\/otpadodhrane.mingor.hr\/#organization\",\"name\":\"Mjerenja otpada od hrane\",\"url\":\"https:\/\/otpadodhrane.mingor.hr\/\",\"logo\":{\"@type\":\"ImageObject\",\"inLanguage\":\"hr\",\"@id\":\"https:\/\/otpadodhrane.mingor.hr\/#\/schema\/logo\/image\/\",\"url\":\"https:\/\/otpadodhrane.haop.hr\/wp-content\/uploads\/2023\/12\/Layer_1-24.svg\",\"contentUrl\":\"https:\/\/otpadodhrane.haop.hr\/wp-content\/uploads\/2023\/12\/Layer_1-24.svg\",\"width\":229,\"height\":100,\"caption\":\"Mjerenja otpada od hrane\"},\"image\":{\"@id\":\"https:\/\/otpadodhrane.mingor.hr\/#\/schema\/logo\/image\/\"}}]}<\/script>\n<!-- \/ Yoast SEO plugin. -->","yoast_head_json":{"title":"Pravila privatnosti - Mjerenja otpada od hrane","robots":{"index":"index","follow":"follow","max-snippet":"max-snippet:-1","max-image-preview":"max-image-preview:large","max-video-preview":"max-video-preview:-1"},"canonical":"https:\/\/otpadodhrane.mingor.hr\/?page_id=3","og_locale":"hr_HR","og_type":"article","og_title":"Pravila privatnosti - Mjerenja otpada od hrane","og_description":"Pravila privatnosti Osobni podaci koje ZZOP prikuplja i obra\u0111uje Zavod za za\u0161titu okoli\u0161a i prirode (u daljnjem tekstu ZZOP) obra\u0111uje osobne podatke koje dobije izravno od ispitanika (npr. kod sklapanja ugovornog odnosa). U mjeri u kojoj je to potrebno za pru\u017eanje svojih usluga, ZZOP obra\u0111uje osobne podatke koje je dobio od tre\u0107ih osoba (ministarstava, FINA, [&hellip;]","og_url":"https:\/\/otpadodhrane.mingor.hr\/?page_id=3","og_site_name":"Mjerenja otpada od hrane","article_modified_time":"2024-02-01T08:28:46+00:00","twitter_card":"summary_large_image","twitter_misc":{"Procijenjeno vrijeme \u010ditanja":"6 minuta"},"schema":{"@context":"https:\/\/schema.org","@graph":[{"@type":"WebPage","@id":"https:\/\/otpadodhrane.mingor.hr\/?page_id=3","url":"https:\/\/otpadodhrane.mingor.hr\/?page_id=3","name":"Pravila privatnosti - Mjerenja otpada od hrane","isPartOf":{"@id":"https:\/\/otpadodhrane.mingor.hr\/#website"},"datePublished":"2023-12-01T14:04:10+00:00","dateModified":"2024-02-01T08:28:46+00:00","breadcrumb":{"@id":"https:\/\/otpadodhrane.mingor.hr\/?page_id=3#breadcrumb"},"inLanguage":"hr","potentialAction":[{"@type":"ReadAction","target":["https:\/\/otpadodhrane.mingor.hr\/?page_id=3"]}]},{"@type":"BreadcrumbList","@id":"https:\/\/otpadodhrane.mingor.hr\/?page_id=3#breadcrumb","itemListElement":[{"@type":"ListItem","position":1,"name":"Po\u010detna stranica","item":"https:\/\/otpadodhrane.mingor.hr\/"},{"@type":"ListItem","position":2,"name":"Pravila privatnosti"}]},{"@type":"WebSite","@id":"https:\/\/otpadodhrane.mingor.hr\/#website","url":"https:\/\/otpadodhrane.mingor.hr\/","name":"Mjerenja otpada od hrane","description":"","publisher":{"@id":"https:\/\/otpadodhrane.mingor.hr\/#organization"},"potentialAction":[{"@type":"SearchAction","target":{"@type":"EntryPoint","urlTemplate":"https:\/\/otpadodhrane.mingor.hr\/?s={search_term_string}"},"query-input":{"@type":"PropertyValueSpecification","valueRequired":true,"valueName":"search_term_string"}}],"inLanguage":"hr"},{"@type":"Organization","@id":"https:\/\/otpadodhrane.mingor.hr\/#organization","name":"Mjerenja otpada od hrane","url":"https:\/\/otpadodhrane.mingor.hr\/","logo":{"@type":"ImageObject","inLanguage":"hr","@id":"https:\/\/otpadodhrane.mingor.hr\/#\/schema\/logo\/image\/","url":"https:\/\/otpadodhrane.haop.hr\/wp-content\/uploads\/2023\/12\/Layer_1-24.svg","contentUrl":"https:\/\/otpadodhrane.haop.hr\/wp-content\/uploads\/2023\/12\/Layer_1-24.svg","width":229,"height":100,"caption":"Mjerenja otpada od hrane"},"image":{"@id":"https:\/\/otpadodhrane.mingor.hr\/#\/schema\/logo\/image\/"}}]}},"_links":{"self":[{"href":"https:\/\/otpadodhrane.haop.hr\/index.php?rest_route=\/wp\/v2\/pages\/3","targetHints":{"allow":["GET"]}}],"collection":[{"href":"https:\/\/otpadodhrane.haop.hr\/index.php?rest_route=\/wp\/v2\/pages"}],"about":[{"href":"https:\/\/otpadodhrane.haop.hr\/index.php?rest_route=\/wp\/v2\/types\/page"}],"author":[{"embeddable":true,"href":"https:\/\/otpadodhrane.haop.hr\/index.php?rest_route=\/wp\/v2\/users\/1"}],"replies":[{"embeddable":true,"href":"https:\/\/otpadodhrane.haop.hr\/index.php?rest_route=%2Fwp%2Fv2%2Fcomments&post=3"}],"version-history":[{"count":26,"href":"https:\/\/otpadodhrane.haop.hr\/index.php?rest_route=\/wp\/v2\/pages\/3\/revisions"}],"predecessor-version":[{"id":1129,"href":"https:\/\/otpadodhrane.haop.hr\/index.php?rest_route=\/wp\/v2\/pages\/3\/revisions\/1129"}],"wp:attachment":[{"href":"https:\/\/otpadodhrane.haop.hr\/index.php?rest_route=%2Fwp%2Fv2%2Fmedia&parent=3"}],"curies":[{"name":"wp","href":"https:\/\/api.w.org\/{rel}","templated":true}]}}