{"id":18,"date":"2023-12-04T08:49:41","date_gmt":"2023-12-04T07:49:41","guid":{"rendered":"http:\/\/test-moh.hr.dedi3734.your-server.de\/?page_id=18"},"modified":"2024-06-14T14:52:05","modified_gmt":"2024-06-14T12:52:05","slug":"o-projektu","status":"publish","type":"page","link":"https:\/\/otpadodhrane.haop.hr\/?page_id=18","title":{"rendered":"O projektu"},"content":{"rendered":"\t\t<div data-elementor-type=\"wp-page\" data-elementor-id=\"18\" class=\"elementor elementor-18\" data-elementor-post-type=\"page\">\n\t\t\t\t<div class=\"elementor-element elementor-element-6f2bf40 e-flex e-con-boxed e-con e-parent\" data-id=\"6f2bf40\" data-element_type=\"container\" data-settings=\"{&quot;background_background&quot;:&quot;classic&quot;}\">\n\t\t\t\t\t<div class=\"e-con-inner\">\n\t\t<div class=\"elementor-element elementor-element-53adcd3 e-con-full e-flex e-con e-child\" data-id=\"53adcd3\" data-element_type=\"container\">\n\t\t\t\t<div class=\"elementor-element elementor-element-3577641 elementor-widget elementor-widget-heading\" data-id=\"3577641\" data-element_type=\"widget\" data-widget_type=\"heading.default\">\n\t\t\t\t<div class=\"elementor-widget-container\">\n\t\t\t\t\t<h2 class=\"elementor-heading-title elementor-size-default\">O projektu<\/h2>\t\t\t\t<\/div>\n\t\t\t\t<\/div>\n\t\t\t\t<div class=\"elementor-element elementor-element-58654c7 elementor-widget elementor-widget-text-editor\" data-id=\"58654c7\" data-element_type=\"widget\" data-widget_type=\"text-editor.default\">\n\t\t\t\t<div class=\"elementor-widget-container\">\n\t\t\t\t\t\t\t\t\t<p>Unaprje\u0111enje podataka o otpadu od hrane u Republici Hrvatskoj <br \/>(HRFWD &#8211; Improvement of Data on Food Waste in Croatia)<\/p>\t\t\t\t\t\t\t\t<\/div>\n\t\t\t\t<\/div>\n\t\t\t\t<div class=\"elementor-element elementor-element-1b46ea6 elementor-widget-mobile__width-initial elementor-widget elementor-widget-image\" data-id=\"1b46ea6\" data-element_type=\"widget\" data-widget_type=\"image.default\">\n\t\t\t\t<div class=\"elementor-widget-container\">\n\t\t\t\t\t\t\t\t\t\t\t\t\t\t\t<img decoding=\"async\" width=\"372\" height=\"106\" src=\"https:\/\/otpadodhrane.haop.hr\/wp-content\/uploads\/2024\/01\/Screen-Shot-2024-01-08-at-16.19-1.svg\" class=\"attachment-full size-full wp-image-603\" alt=\"\" \/>\t\t\t\t\t\t\t\t\t\t\t\t\t\t\t<\/div>\n\t\t\t\t<\/div>\n\t\t\t\t<\/div>\n\t\t<div class=\"elementor-element elementor-element-46d2de5 e-con-full e-flex e-con e-child\" data-id=\"46d2de5\" data-element_type=\"container\">\n\t\t\t\t<div class=\"elementor-element elementor-element-3c85718 elementor-widget__width-initial elementor-widget elementor-widget-text-editor\" data-id=\"3c85718\" data-element_type=\"widget\" data-widget_type=\"text-editor.default\">\n\t\t\t\t<div class=\"elementor-widget-container\">\n\t\t\t\t\t\t\t\t\t<p><strong>Broj projekta<\/strong><br \/>SMP-FOOD-2022-05<\/p><p><strong>Poziv za dostavu projektnih prijedloga<\/strong><br \/>SMP-FOOD-2022-FoodWaste-NCA<\/p><p><strong>Ugovor o dodjeli bespovratnih sredstava (Grant Agreement)\u00a0<\/strong><br \/>Potpisan dana 20.12.2022. izme\u0111u Europske zdravstvene i digitalne izvr\u0161ne agencije (European Health and Digital Executive Agency (HaDEA)) i Ministarstva gospodarstva i odr\u017eivog razvoja<\/p><p><strong>Datum po\u010detka HRFWD<\/strong> <strong>projekta<\/strong><br \/>1. sije\u010dnja 2023.<\/p><p><strong>Datum kraja HRFWD projekta<\/strong><br \/>30. listopada 2024.<\/p><p><strong>Trajanje projekta<\/strong><br \/>22 mjeseca<\/p><p><strong>Ukupna vrijednost projekta<\/strong><br \/>106.062,68 EUR<\/p><p><strong>Sufinanciranje EU<\/strong><br \/>53.031,34 EUR (50% ukupnog tro\u0161ka)<\/p>\t\t\t\t\t\t\t\t<\/div>\n\t\t\t\t<\/div>\n\t\t\t\t<\/div>\n\t\t\t\t\t<\/div>\n\t\t\t\t<\/div>\n\t\t<div class=\"elementor-element elementor-element-5112c82 e-flex e-con-boxed e-con e-parent\" data-id=\"5112c82\" data-element_type=\"container\">\n\t\t\t\t\t<div class=\"e-con-inner\">\n\t\t<div class=\"elementor-element elementor-element-2e23e47 e-con-full e-flex e-con e-child\" data-id=\"2e23e47\" data-element_type=\"container\">\n\t\t\t\t<div class=\"elementor-element elementor-element-97e6ef6 elementor-widget__width-initial elementor-widget-tablet__width-inherit elementor-widget elementor-widget-text-editor\" data-id=\"97e6ef6\" data-element_type=\"widget\" data-widget_type=\"text-editor.default\">\n\t\t\t\t<div class=\"elementor-widget-container\">\n\t\t\t\t\t\t\t\t\t<p><strong>Op\u0107i cilj projekta<\/strong><\/p><p>Unaprje\u0111enje sustava prikupljanja podataka o otpadu od hrane i izrada pouzdane statistiku o otpadu od hrane, posebno podataka i informacija o izvorima, vrstama i koli\u010dinama otpada od hrane koji nastaje u poslovnom sektoru, koriste\u0107i metodologiju definiranu Delegiranom odlukom Komisije (EU) 2019\/1597 od 3. svibnja 2019., o dopuni Direktive 2008\/98\/EZ Europskog parlamenta i Vije\u0107a u odnosu na zajedni\u010dku metodologiju i minimalne zahtjeve u pogledu kvalitete za ujedna\u010deno mjerenje razine otpada od hrane (SL L 248, 27. 9. 2019.).<\/p>\t\t\t\t\t\t\t\t<\/div>\n\t\t\t\t<\/div>\n\t\t\t\t<\/div>\n\t\t<div class=\"elementor-element elementor-element-a61953b e-con-full e-flex e-con e-child\" data-id=\"a61953b\" data-element_type=\"container\">\n\t\t\t\t<div class=\"elementor-element elementor-element-429f312 elementor-hidden-tablet elementor-hidden-mobile elementor-widget elementor-widget-image\" data-id=\"429f312\" data-element_type=\"widget\" data-widget_type=\"image.default\">\n\t\t\t\t<div class=\"elementor-widget-container\">\n\t\t\t\t\t\t\t\t\t\t\t\t\t\t\t<img fetchpriority=\"high\" decoding=\"async\" width=\"978\" height=\"398\" src=\"https:\/\/otpadodhrane.haop.hr\/wp-content\/uploads\/2024\/01\/Frame-9.svg\" class=\"attachment-full size-full wp-image-602\" alt=\"\" \/>\t\t\t\t\t\t\t\t\t\t\t\t\t\t\t<\/div>\n\t\t\t\t<\/div>\n\t\t\t\t<div class=\"elementor-element elementor-element-157ed12 elementor-hidden-desktop elementor-hidden-laptop elementor-widget elementor-widget-image\" data-id=\"157ed12\" data-element_type=\"widget\" data-widget_type=\"image.default\">\n\t\t\t\t<div class=\"elementor-widget-container\">\n\t\t\t\t\t\t\t\t\t\t\t\t\t\t\t<img decoding=\"async\" width=\"978\" height=\"398\" src=\"https:\/\/otpadodhrane.haop.hr\/wp-content\/uploads\/2024\/01\/Frame-9.png\" class=\"attachment-full size-full wp-image-1029\" alt=\"\" srcset=\"https:\/\/otpadodhrane.haop.hr\/wp-content\/uploads\/2024\/01\/Frame-9.png 978w, https:\/\/otpadodhrane.haop.hr\/wp-content\/uploads\/2024\/01\/Frame-9-300x122.png 300w, https:\/\/otpadodhrane.haop.hr\/wp-content\/uploads\/2024\/01\/Frame-9-768x313.png 768w\" sizes=\"(max-width: 978px) 100vw, 978px\" \/>\t\t\t\t\t\t\t\t\t\t\t\t\t\t\t<\/div>\n\t\t\t\t<\/div>\n\t\t\t\t<\/div>\n\t\t\t\t\t<\/div>\n\t\t\t\t<\/div>\n\t\t<div class=\"elementor-element elementor-element-a5705be e-flex e-con-boxed e-con e-parent\" data-id=\"a5705be\" data-element_type=\"container\" data-settings=\"{&quot;background_background&quot;:&quot;classic&quot;}\">\n\t\t\t\t\t<div class=\"e-con-inner\">\n\t\t<div class=\"elementor-element elementor-element-4cdb776 e-con-full e-flex e-con e-child\" data-id=\"4cdb776\" data-element_type=\"container\">\n\t\t\t\t<div class=\"elementor-element elementor-element-8095c6d elementor-widget__width-initial elementor-widget elementor-widget-text-editor\" data-id=\"8095c6d\" data-element_type=\"widget\" data-widget_type=\"text-editor.default\">\n\t\t\t\t<div class=\"elementor-widget-container\">\n\t\t\t\t\t\t\t\t\t<p><strong>Specifi\u010dni ciljevi projekta<\/strong><\/p><ul><li>Unaprije\u0111ena metodologija prikupljanja podataka o otpadu od hrane na nacionalnoj razini, a time i na razini EU<\/li><li>Unaprije\u0111en nacionalni Informacijski sustav gospodarenja otpadom i uspostavljeni uvjeti za budu\u0107e pra\u0107enje i izvje\u0161\u0107ivanje o koli\u010dinama otpada od hrane<\/li><li>Unaprije\u0111ena kvaliteta statistike o otpadu od hrane<\/li><li>Podignuta svijest o va\u017enosti sprje\u010davanja i smanjenja nastanka otpada od hrane<\/li><\/ul><p>\u00a0<\/p><p>Kako bi se poduprlo postizanje Cilja odr\u017eivog razvoja 12.3 o rasipanju hrane, revidirana Okvirna direktiva o otpadu usvojena 30. svibnja 2018. poziva dr\u017eave \u010dlanice EU da smanje bacanje hrane u svakoj fazi lanca opskrbe hranom, prate razine bacanja hrane i izvje\u0161\u0107uju o postignutom napretku. Nadalje, Europska komisija (Komisija) je uspostavila zajedni\u010dku metodologiju za mjerenje razine bacanja hrane u EU, kao i format za izvje\u0161\u0107ivanje za dr\u017eave \u010dlanice EU za informiranje o postignutom napretku tijekom odre\u0111enog vremena. Dr\u017eave \u010dlanice bile su obvezne poduzeti prvo prikupljanje podataka o bacanju hrane za 2020. godinu primjenjuju\u0107i novu metodologiju kako bi se Komisiji omogu\u0107ilo da postavi polaznu vrijednost i predlo\u017ei pravno obvezuju\u0107e ciljeve za smanjenje bacanja hrane u cijeloj EU do kraja 2023.<\/p>\t\t\t\t\t\t\t\t<\/div>\n\t\t\t\t<\/div>\n\t\t\t\t<\/div>\n\t\t<div class=\"elementor-element elementor-element-9a06c6a e-con-full e-flex e-con e-child\" data-id=\"9a06c6a\" data-element_type=\"container\">\n\t\t\t\t<div class=\"elementor-element elementor-element-35d47ef elementor-widget__width-initial elementor-widget elementor-widget-text-editor\" data-id=\"35d47ef\" data-element_type=\"widget\" data-widget_type=\"text-editor.default\">\n\t\t\t\t<div class=\"elementor-widget-container\">\n\t\t\t\t\t\t\t\t\t<p>Republika Hrvatska je ispunila svoju zakonsku obvezu prikupljanja podataka koriste\u0107i propisanu metodologiju, ali je tako\u0111er identificirala odre\u0111ene nedostatke vezane uz kvalitetu podataka o otpadu od hrane u poslovnom sektoru.<\/p>\n<p>Upravo s ciljem pobolj\u0161anja kvalitete podataka o otpadu od hrane u poslovnom sektoru u prosincu 2022. godine potpisan je Ugovor o darovnici izme\u0111u Europske unije (EU) predstavljene Europskom zdravstvenom i digitalnom Izvr\u0161nom agencijom (European Health and Digital Executive Agency (HaDEA)) i Ministarstva gospodarstva i odr\u017eivog razvoja (MINGOR), prema kojem \u0107e biti potrebno provesti aktivnosti u sklopu projekta \u201eImprovement of Data on Food Waste in Croatia &#8211; HRFWD\u201c.<\/p>\n<p>U sklopu planiranih projektnih aktivnosti biti \u0107e potrebno provesti statisti\u010dko istra\u017eivanje kojim \u0107e biti obuhva\u0107en poslovni sektor. Statisti\u010dko istra\u017eivanje \u0107e se provesti u MINGOR. Za provedbu statisti\u010dkog istra\u017eivanja MINGOR \u0107e uspostaviti IT aplikaciju za prikupljanje i obradu podataka od strane poslovnog sektora. Dodatno, u cilju podizanja svijesti o prevenciji otpada od hrane pripremit \u0107e se i objaviti e-bro\u0161ura o sprje\u010davanju nastanka otpada od hrane.<\/p><p>NAPOMENA: od 17. svibnja 2024. godine MINGOR je podijeljeno na Ministarstvo gospodarstva (MINGO) i Ministarstvo za\u0161tite okoli\u0161a i zelene tranzicije (MZOZT). Rad na projektu nastavlja MZOZT.<\/p>\t\t\t\t\t\t\t\t<\/div>\n\t\t\t\t<\/div>\n\t\t\t\t<\/div>\n\t\t\t\t\t<\/div>\n\t\t\t\t<\/div>\n\t\t\t\t<\/div>\n\t\t","protected":false},"excerpt":{"rendered":"<p>O projektu Unaprje\u0111enje podataka o otpadu od hrane u Republici Hrvatskoj (HRFWD &#8211; Improvement of Data on Food Waste in Croatia) Broj projektaSMP-FOOD-2022-05 Poziv za dostavu projektnih prijedlogaSMP-FOOD-2022-FoodWaste-NCA Ugovor o dodjeli bespovratnih sredstava (Grant Agreement)\u00a0Potpisan dana 20.12.2022. izme\u0111u Europske zdravstvene i digitalne izvr\u0161ne agencije (European Health and Digital Executive Agency (HaDEA)) i Ministarstva gospodarstva i [&hellip;]<\/p>\n","protected":false},"author":1,"featured_media":0,"parent":0,"menu_order":0,"comment_status":"closed","ping_status":"closed","template":"","meta":{"inline_featured_image":false,"footnotes":""},"class_list":["post-18","page","type-page","status-publish","hentry"],"acf":[],"yoast_head":"<!-- This site is optimized with the Yoast SEO plugin v24.4 - https:\/\/yoast.com\/wordpress\/plugins\/seo\/ -->\n<title>O projektu - Mjerenja otpada od hrane<\/title>\n<meta name=\"robots\" content=\"index, follow, max-snippet:-1, max-image-preview:large, max-video-preview:-1\" \/>\n<link rel=\"canonical\" href=\"https:\/\/otpadodhrane.mingor.hr\/?page_id=18\" \/>\n<meta property=\"og:locale\" content=\"hr_HR\" \/>\n<meta property=\"og:type\" content=\"article\" \/>\n<meta property=\"og:title\" content=\"O projektu - Mjerenja otpada od hrane\" \/>\n<meta property=\"og:description\" content=\"O projektu Unaprje\u0111enje podataka o otpadu od hrane u Republici Hrvatskoj (HRFWD &#8211; Improvement of Data on Food Waste in Croatia) Broj projektaSMP-FOOD-2022-05 Poziv za dostavu projektnih prijedlogaSMP-FOOD-2022-FoodWaste-NCA Ugovor o dodjeli bespovratnih sredstava (Grant Agreement)\u00a0Potpisan dana 20.12.2022. izme\u0111u Europske zdravstvene i digitalne izvr\u0161ne agencije (European Health and Digital Executive Agency (HaDEA)) i Ministarstva gospodarstva i [&hellip;]\" \/>\n<meta property=\"og:url\" content=\"https:\/\/otpadodhrane.mingor.hr\/?page_id=18\" \/>\n<meta property=\"og:site_name\" content=\"Mjerenja otpada od hrane\" \/>\n<meta property=\"article:modified_time\" content=\"2024-06-14T12:52:05+00:00\" \/>\n<meta property=\"og:image\" content=\"https:\/\/otpadodhrane.mingor.hr\/wp-content\/uploads\/2024\/01\/Screen-Shot-2024-01-08-at-16.19-1.svg\" \/>\n<meta name=\"twitter:card\" content=\"summary_large_image\" \/>\n<meta name=\"twitter:label1\" content=\"Procijenjeno vrijeme \u010ditanja\" \/>\n\t<meta name=\"twitter:data1\" content=\"4 minute\" \/>\n<script type=\"application\/ld+json\" class=\"yoast-schema-graph\">{\"@context\":\"https:\/\/schema.org\",\"@graph\":[{\"@type\":\"WebPage\",\"@id\":\"https:\/\/otpadodhrane.mingor.hr\/?page_id=18\",\"url\":\"https:\/\/otpadodhrane.mingor.hr\/?page_id=18\",\"name\":\"O projektu - Mjerenja otpada od hrane\",\"isPartOf\":{\"@id\":\"https:\/\/otpadodhrane.mingor.hr\/#website\"},\"primaryImageOfPage\":{\"@id\":\"https:\/\/otpadodhrane.mingor.hr\/?page_id=18#primaryimage\"},\"image\":{\"@id\":\"https:\/\/otpadodhrane.mingor.hr\/?page_id=18#primaryimage\"},\"thumbnailUrl\":\"https:\/\/otpadodhrane.mingor.hr\/wp-content\/uploads\/2024\/01\/Screen-Shot-2024-01-08-at-16.19-1.svg\",\"datePublished\":\"2023-12-04T07:49:41+00:00\",\"dateModified\":\"2024-06-14T12:52:05+00:00\",\"breadcrumb\":{\"@id\":\"https:\/\/otpadodhrane.mingor.hr\/?page_id=18#breadcrumb\"},\"inLanguage\":\"hr\",\"potentialAction\":[{\"@type\":\"ReadAction\",\"target\":[\"https:\/\/otpadodhrane.mingor.hr\/?page_id=18\"]}]},{\"@type\":\"ImageObject\",\"inLanguage\":\"hr\",\"@id\":\"https:\/\/otpadodhrane.mingor.hr\/?page_id=18#primaryimage\",\"url\":\"https:\/\/otpadodhrane.mingor.hr\/wp-content\/uploads\/2024\/01\/Screen-Shot-2024-01-08-at-16.19-1.svg\",\"contentUrl\":\"https:\/\/otpadodhrane.mingor.hr\/wp-content\/uploads\/2024\/01\/Screen-Shot-2024-01-08-at-16.19-1.svg\"},{\"@type\":\"BreadcrumbList\",\"@id\":\"https:\/\/otpadodhrane.mingor.hr\/?page_id=18#breadcrumb\",\"itemListElement\":[{\"@type\":\"ListItem\",\"position\":1,\"name\":\"Po\u010detna stranica\",\"item\":\"https:\/\/otpadodhrane.mingor.hr\/\"},{\"@type\":\"ListItem\",\"position\":2,\"name\":\"O projektu\"}]},{\"@type\":\"WebSite\",\"@id\":\"https:\/\/otpadodhrane.mingor.hr\/#website\",\"url\":\"https:\/\/otpadodhrane.mingor.hr\/\",\"name\":\"Mjerenja otpada od hrane\",\"description\":\"\",\"publisher\":{\"@id\":\"https:\/\/otpadodhrane.mingor.hr\/#organization\"},\"potentialAction\":[{\"@type\":\"SearchAction\",\"target\":{\"@type\":\"EntryPoint\",\"urlTemplate\":\"https:\/\/otpadodhrane.mingor.hr\/?s={search_term_string}\"},\"query-input\":{\"@type\":\"PropertyValueSpecification\",\"valueRequired\":true,\"valueName\":\"search_term_string\"}}],\"inLanguage\":\"hr\"},{\"@type\":\"Organization\",\"@id\":\"https:\/\/otpadodhrane.mingor.hr\/#organization\",\"name\":\"Mjerenja otpada od hrane\",\"url\":\"https:\/\/otpadodhrane.mingor.hr\/\",\"logo\":{\"@type\":\"ImageObject\",\"inLanguage\":\"hr\",\"@id\":\"https:\/\/otpadodhrane.mingor.hr\/#\/schema\/logo\/image\/\",\"url\":\"https:\/\/otpadodhrane.haop.hr\/wp-content\/uploads\/2023\/12\/Layer_1-24.svg\",\"contentUrl\":\"https:\/\/otpadodhrane.haop.hr\/wp-content\/uploads\/2023\/12\/Layer_1-24.svg\",\"width\":229,\"height\":100,\"caption\":\"Mjerenja otpada od hrane\"},\"image\":{\"@id\":\"https:\/\/otpadodhrane.mingor.hr\/#\/schema\/logo\/image\/\"}}]}<\/script>\n<!-- \/ Yoast SEO plugin. -->","yoast_head_json":{"title":"O projektu - Mjerenja otpada od hrane","robots":{"index":"index","follow":"follow","max-snippet":"max-snippet:-1","max-image-preview":"max-image-preview:large","max-video-preview":"max-video-preview:-1"},"canonical":"https:\/\/otpadodhrane.mingor.hr\/?page_id=18","og_locale":"hr_HR","og_type":"article","og_title":"O projektu - Mjerenja otpada od hrane","og_description":"O projektu Unaprje\u0111enje podataka o otpadu od hrane u Republici Hrvatskoj (HRFWD &#8211; Improvement of Data on Food Waste in Croatia) Broj projektaSMP-FOOD-2022-05 Poziv za dostavu projektnih prijedlogaSMP-FOOD-2022-FoodWaste-NCA Ugovor o dodjeli bespovratnih sredstava (Grant Agreement)\u00a0Potpisan dana 20.12.2022. izme\u0111u Europske zdravstvene i digitalne izvr\u0161ne agencije (European Health and Digital Executive Agency (HaDEA)) i Ministarstva gospodarstva i [&hellip;]","og_url":"https:\/\/otpadodhrane.mingor.hr\/?page_id=18","og_site_name":"Mjerenja otpada od hrane","article_modified_time":"2024-06-14T12:52:05+00:00","og_image":[{"url":"https:\/\/otpadodhrane.mingor.hr\/wp-content\/uploads\/2024\/01\/Screen-Shot-2024-01-08-at-16.19-1.svg","type":"","width":"","height":""}],"twitter_card":"summary_large_image","twitter_misc":{"Procijenjeno vrijeme \u010ditanja":"4 minute"},"schema":{"@context":"https:\/\/schema.org","@graph":[{"@type":"WebPage","@id":"https:\/\/otpadodhrane.mingor.hr\/?page_id=18","url":"https:\/\/otpadodhrane.mingor.hr\/?page_id=18","name":"O projektu - Mjerenja otpada od hrane","isPartOf":{"@id":"https:\/\/otpadodhrane.mingor.hr\/#website"},"primaryImageOfPage":{"@id":"https:\/\/otpadodhrane.mingor.hr\/?page_id=18#primaryimage"},"image":{"@id":"https:\/\/otpadodhrane.mingor.hr\/?page_id=18#primaryimage"},"thumbnailUrl":"https:\/\/otpadodhrane.mingor.hr\/wp-content\/uploads\/2024\/01\/Screen-Shot-2024-01-08-at-16.19-1.svg","datePublished":"2023-12-04T07:49:41+00:00","dateModified":"2024-06-14T12:52:05+00:00","breadcrumb":{"@id":"https:\/\/otpadodhrane.mingor.hr\/?page_id=18#breadcrumb"},"inLanguage":"hr","potentialAction":[{"@type":"ReadAction","target":["https:\/\/otpadodhrane.mingor.hr\/?page_id=18"]}]},{"@type":"ImageObject","inLanguage":"hr","@id":"https:\/\/otpadodhrane.mingor.hr\/?page_id=18#primaryimage","url":"https:\/\/otpadodhrane.mingor.hr\/wp-content\/uploads\/2024\/01\/Screen-Shot-2024-01-08-at-16.19-1.svg","contentUrl":"https:\/\/otpadodhrane.mingor.hr\/wp-content\/uploads\/2024\/01\/Screen-Shot-2024-01-08-at-16.19-1.svg"},{"@type":"BreadcrumbList","@id":"https:\/\/otpadodhrane.mingor.hr\/?page_id=18#breadcrumb","itemListElement":[{"@type":"ListItem","position":1,"name":"Po\u010detna stranica","item":"https:\/\/otpadodhrane.mingor.hr\/"},{"@type":"ListItem","position":2,"name":"O projektu"}]},{"@type":"WebSite","@id":"https:\/\/otpadodhrane.mingor.hr\/#website","url":"https:\/\/otpadodhrane.mingor.hr\/","name":"Mjerenja otpada od hrane","description":"","publisher":{"@id":"https:\/\/otpadodhrane.mingor.hr\/#organization"},"potentialAction":[{"@type":"SearchAction","target":{"@type":"EntryPoint","urlTemplate":"https:\/\/otpadodhrane.mingor.hr\/?s={search_term_string}"},"query-input":{"@type":"PropertyValueSpecification","valueRequired":true,"valueName":"search_term_string"}}],"inLanguage":"hr"},{"@type":"Organization","@id":"https:\/\/otpadodhrane.mingor.hr\/#organization","name":"Mjerenja otpada od hrane","url":"https:\/\/otpadodhrane.mingor.hr\/","logo":{"@type":"ImageObject","inLanguage":"hr","@id":"https:\/\/otpadodhrane.mingor.hr\/#\/schema\/logo\/image\/","url":"https:\/\/otpadodhrane.haop.hr\/wp-content\/uploads\/2023\/12\/Layer_1-24.svg","contentUrl":"https:\/\/otpadodhrane.haop.hr\/wp-content\/uploads\/2023\/12\/Layer_1-24.svg","width":229,"height":100,"caption":"Mjerenja otpada od hrane"},"image":{"@id":"https:\/\/otpadodhrane.mingor.hr\/#\/schema\/logo\/image\/"}}]}},"_links":{"self":[{"href":"https:\/\/otpadodhrane.haop.hr\/index.php?rest_route=\/wp\/v2\/pages\/18","targetHints":{"allow":["GET"]}}],"collection":[{"href":"https:\/\/otpadodhrane.haop.hr\/index.php?rest_route=\/wp\/v2\/pages"}],"about":[{"href":"https:\/\/otpadodhrane.haop.hr\/index.php?rest_route=\/wp\/v2\/types\/page"}],"author":[{"embeddable":true,"href":"https:\/\/otpadodhrane.haop.hr\/index.php?rest_route=\/wp\/v2\/users\/1"}],"replies":[{"embeddable":true,"href":"https:\/\/otpadodhrane.haop.hr\/index.php?rest_route=%2Fwp%2Fv2%2Fcomments&post=18"}],"version-history":[{"count":118,"href":"https:\/\/otpadodhrane.haop.hr\/index.php?rest_route=\/wp\/v2\/pages\/18\/revisions"}],"predecessor-version":[{"id":1219,"href":"https:\/\/otpadodhrane.haop.hr\/index.php?rest_route=\/wp\/v2\/pages\/18\/revisions\/1219"}],"wp:attachment":[{"href":"https:\/\/otpadodhrane.haop.hr\/index.php?rest_route=%2Fwp%2Fv2%2Fmedia&parent=18"}],"curies":[{"name":"wp","href":"https:\/\/api.w.org\/{rel}","templated":true}]}}