{"id":16,"date":"2023-12-04T08:49:32","date_gmt":"2023-12-04T07:49:32","guid":{"rendered":"http:\/\/test-moh.hr.dedi3734.your-server.de\/?page_id=16"},"modified":"2024-10-22T15:35:44","modified_gmt":"2024-10-22T13:35:44","slug":"podaci","status":"publish","type":"page","link":"https:\/\/otpadodhrane.haop.hr\/?page_id=16","title":{"rendered":"Podaci"},"content":{"rendered":"\t\t<div data-elementor-type=\"wp-page\" data-elementor-id=\"16\" class=\"elementor elementor-16\" data-elementor-post-type=\"page\">\n\t\t\t\t<div class=\"elementor-element elementor-element-88920b0 e-flex e-con-boxed e-con e-parent\" data-id=\"88920b0\" data-element_type=\"container\" data-settings=\"{&quot;background_background&quot;:&quot;classic&quot;}\">\n\t\t\t\t\t<div class=\"e-con-inner\">\n\t\t<div class=\"elementor-element elementor-element-2867f70 e-con-full e-flex e-con e-child\" data-id=\"2867f70\" data-element_type=\"container\">\n\t\t\t\t<div class=\"elementor-element elementor-element-b857ec3 elementor-widget elementor-widget-heading\" data-id=\"b857ec3\" data-element_type=\"widget\" data-widget_type=\"heading.default\">\n\t\t\t\t<div class=\"elementor-widget-container\">\n\t\t\t\t\t<h2 class=\"elementor-heading-title elementor-size-default\">Podaci<\/h2>\t\t\t\t<\/div>\n\t\t\t\t<\/div>\n\t\t\t\t<div class=\"elementor-element elementor-element-c101673 elementor-widget elementor-widget-text-editor\" data-id=\"c101673\" data-element_type=\"widget\" data-widget_type=\"text-editor.default\">\n\t\t\t\t<div class=\"elementor-widget-container\">\n\t\t\t\t\t\t\t\t\t<p>Okvirnom direktivom o otpadu 2008\/98\/EZ utvr\u0111ena je obveza dr\u017eava \u010dlanica da u svoje programe za spre\u010davanje nastanka otpada uklju\u010de spre\u010davanje nastanka otpada od hrane te da prate i procjenjuju provedbu svojih mjera za spre\u010davanje nastanka otpada od hrane mjerenjem razine otpada od hrane na temelju zajedni\u010dke metodologije. Tu zajedni\u010dku metodologiju i minimalne zahtjeve u pogledu kvalitete za ujedna\u010deno mjerenje razine otpada od hrane utvr\u0111uje Europska komisija.&nbsp;<\/p>\n<p>Otpad od hrane&nbsp;<span style=\"color: var( --e-global-color-text ); font-family: var( --e-global-typography-text-font-family ), Sans-serif; font-size: var( --e-global-typography-text-font-size ); font-weight: var( --e-global-typography-text-font-weight ); text-align: var(--text-align); background-color: var( --e-global-color-a85d46b );\">je&nbsp;<\/span><span style=\"color: var( --e-global-color-text ); font-family: var( --e-global-typography-text-font-family ), Sans-serif; font-size: var( --e-global-typography-text-font-size ); font-weight: var( --e-global-typography-text-font-weight ); text-align: var(--text-align); background-color: var( --e-global-color-a85d46b );\">potrebno&nbsp; sprije\u010diti i smanjiti&nbsp;<\/span><span style=\"color: var( --e-global-color-text ); font-family: var( --e-global-typography-text-font-family ), Sans-serif; font-size: var( --e-global-typography-text-font-size ); font-weight: var( --e-global-typography-text-font-weight ); text-align: var(--text-align); background-color: var( --e-global-color-a85d46b );\">u cijelom lancu opskrbe hranom. Budu\u0107i da se vrste otpada od hrane i \u010dimbenici koji pridonose nastanku otpada od hrane znatno razlikuju u razli\u010ditim fazama lanca opskrbe hranom, otpad od hrane trebalo bi mjeri se odvojeno za svaku fazu.<\/span><\/p>\t\t\t\t\t\t\t\t<\/div>\n\t\t\t\t<\/div>\n\t\t\t\t<\/div>\n\t\t<div class=\"elementor-element elementor-element-70c696d e-con-full e-flex e-con e-child\" data-id=\"70c696d\" data-element_type=\"container\">\n\t\t\t\t<div class=\"elementor-element elementor-element-fe3d8ca elementor-widget elementor-widget-image\" data-id=\"fe3d8ca\" data-element_type=\"widget\" data-widget_type=\"image.default\">\n\t\t\t\t<div class=\"elementor-widget-container\">\n\t\t\t\t\t\t\t\t\t\t\t\t\t\t\t<img fetchpriority=\"high\" decoding=\"async\" width=\"884\" height=\"592\" src=\"https:\/\/otpadodhrane.haop.hr\/wp-content\/uploads\/2024\/01\/Frame-10.svg\" class=\"attachment-full size-full wp-image-615\" alt=\"\" \/>\t\t\t\t\t\t\t\t\t\t\t\t\t\t\t<\/div>\n\t\t\t\t<\/div>\n\t\t\t\t<\/div>\n\t\t\t\t\t<\/div>\n\t\t\t\t<\/div>\n\t\t<div class=\"elementor-element elementor-element-62ec4d2 e-flex e-con-boxed e-con e-parent\" data-id=\"62ec4d2\" data-element_type=\"container\">\n\t\t\t\t\t<div class=\"e-con-inner\">\n\t\t<div class=\"elementor-element elementor-element-729c9ba e-con-full e-flex e-con e-child\" data-id=\"729c9ba\" data-element_type=\"container\">\n\t\t\t\t<div class=\"elementor-element elementor-element-1146979 elementor-widget elementor-widget-shortcode\" data-id=\"1146979\" data-element_type=\"widget\" data-widget_type=\"shortcode.default\">\n\t\t\t\t<div class=\"elementor-widget-container\">\n\t\t\t\t\t\t\t<div class=\"elementor-shortcode\">\n<div class=\"category-tabs\">\n    <a href=\"?category=2020\" class=\"category-tab active\" data-category=\"2020\">2020.<\/a><a href=\"?category=2024\" class=\"category-tab \" data-category=\"2024\">2024.<\/a><a href=\"?category=2025\" class=\"category-tab \" data-category=\"2025\">2025.<\/a><\/div>\n\n\n<div class=\"popis-podataka\">\n    \n\n\t<div class=\"kartica\">\n \t\t\t<div class=\"frame\">\n\t\t\t\t<img decoding=\"async\" class=\"pdf\" src=\"https:\/\/otpadodhrane.haop.hr\/wp-content\/uploads\/2024\/10\/2024-10-22-13_54_04-Window.png\" style=\"width:100%;\">\n \t\t\t<\/div>\n\t\t\t<div class=\"sadrzaj\">\n        \t\t\t<h1>Istra\u017eivanje mjerenja otpada od hrane u poslovnom sektoru <\/h1>\n      \t\t\t\t<p> <\/p>\n    \t\t\t<\/div>\n<a href=\"https:\/\/otpadodhrane.haop.hr\/wp-content\/uploads\/2024\/10\/Izvjestaj_MGIOR_otpad_hrana_B2B_1121_V1.pdf\" target=\"_blank\"><img decoding=\"async\" class=\"download\" src=\"\/wp-content\/uploads\/2024\/01\/download.svg\"><\/a>\n\n\t<\/div>\n\n    \n\n\t<div class=\"kartica\">\n \t\t\t<div class=\"frame\">\n\t\t\t\t<img decoding=\"async\" class=\"pdf\" src=\"https:\/\/otpadodhrane.haop.hr\/wp-content\/uploads\/2024\/10\/2024-10-22-13_54_04-Window.png\" style=\"width:100%;\">\n \t\t\t<\/div>\n\t\t\t<div class=\"sadrzaj\">\n        \t\t\t<h1>Istra\u017eivanje mjerenja otpada od hrane u ku\u0107anstvu <\/h1>\n      \t\t\t\t<p> <\/p>\n    \t\t\t<\/div>\n<a href=\"https:\/\/otpadodhrane.haop.hr\/wp-content\/uploads\/2024\/10\/Izvjestaj_MGIOR_otpad_hrana_kucanstva_0621_V4.pdf\" target=\"_blank\"><img decoding=\"async\" class=\"download\" src=\"\/wp-content\/uploads\/2024\/01\/download.svg\"><\/a>\n\n\t<\/div>\n\n    \n\n\t<div class=\"kartica\">\n \t\t\t<div class=\"frame\">\n\t\t\t\t<img decoding=\"async\" class=\"pdf\" src=\"https:\/\/otpadodhrane.haop.hr\/wp-content\/uploads\/2024\/10\/Papricice-male.png\" style=\"width:100%;\">\n \t\t\t<\/div>\n\t\t\t<div class=\"sadrzaj\">\n        \t\t\t<h1>Pregled podataka o otpadu od hrane <\/h1>\n      \t\t\t\t<p> <\/p>\n    \t\t\t<\/div>\n<a href=\"https:\/\/otpadodhrane.haop.hr\/wp-content\/uploads\/2024\/10\/Pregled-podataka-o-otpadu-od-hrane-FINALNO-2.docx_organized-1.pdf\" target=\"_blank\"><img decoding=\"async\" class=\"download\" src=\"\/wp-content\/uploads\/2024\/01\/download.svg\"><\/a>\n\n\t<\/div>\n\n    \n\n\t<div class=\"kartica\">\n \t\t\t<div class=\"frame\">\n\t\t\t\t<img decoding=\"async\" class=\"pdf\" src=\"https:\/\/otpadodhrane.haop.hr\/wp-content\/uploads\/2024\/10\/2024-10-22-13_57_56-Window.png\" style=\"width:100%;\">\n \t\t\t<\/div>\n\t\t\t<div class=\"sadrzaj\">\n        \t\t\t<h1>Infografika <\/h1>\n      \t\t\t\t<p> <\/p>\n    \t\t\t<\/div>\n<a href=\"https:\/\/otpadodhrane.haop.hr\/wp-content\/uploads\/2024\/10\/infografika-Otpad-od-hrane_3_compressed-2.pdf\" target=\"_blank\"><img decoding=\"async\" class=\"download\" src=\"\/wp-content\/uploads\/2024\/01\/download.svg\"><\/a>\n\n\t<\/div>\n\n    <\/div>\n\n\n\n\n<script>\ndocument.addEventListener('DOMContentLoaded', function () {\n    const categoryTabs = document.querySelectorAll('.category-tab');\n    const novostiContainer = document.querySelector('.popis-podataka');\n\n    function updateContent(selectedCategory) {\n        const formData = new FormData();\n        formData.append('action', 'filter_data');\n        formData.append('category', selectedCategory);\n\n        fetch('https:\/\/otpadodhrane.haop.hr\/wp-admin\/admin-ajax.php', {\n            method: 'POST',\n            body: formData\n        })\n        .then(response => response.json())\n        .then(data => {\n            if (data.success) {\n                novostiContainer.innerHTML = data.data;\n                categoryTabs.forEach(t => t.classList.remove('active'));\n                document.querySelector(`[data-category=\"${selectedCategory}\"]`).classList.add('active');\n            } else {\n                novostiContainer.innerHTML = '<p>No data found.<\/p>';\n            }\n        });\n    }\n\n    categoryTabs.forEach(tab => {\n        tab.addEventListener('click', function (event) {\n            event.preventDefault();\n            const selectedCategory = this.getAttribute('data-category');\n            updateContent(selectedCategory);\n        });\n    });\n\n    const urlParams = new URLSearchParams(window.location.search);\n    const initialCategory = urlParams.get('category') || '2020';\n    updateContent(initialCategory);\n});\n<\/script>\n\n<\/div>\n\t\t\t\t\t\t<\/div>\n\t\t\t\t<\/div>\n\t\t\t\t<\/div>\n\t\t\t\t\t<\/div>\n\t\t\t\t<\/div>\n\t\t\t\t<\/div>\n\t\t","protected":false},"excerpt":{"rendered":"<p>Podaci Okvirnom direktivom o otpadu 2008\/98\/EZ utvr\u0111ena je obveza dr\u017eava \u010dlanica da u svoje programe za spre\u010davanje nastanka otpada uklju\u010de spre\u010davanje nastanka otpada od hrane te da prate i procjenjuju provedbu svojih mjera za spre\u010davanje nastanka otpada od hrane mjerenjem razine otpada od hrane na temelju zajedni\u010dke metodologije. Tu zajedni\u010dku metodologiju i minimalne zahtjeve u [&hellip;]<\/p>\n","protected":false},"author":1,"featured_media":0,"parent":0,"menu_order":0,"comment_status":"closed","ping_status":"closed","template":"","meta":{"inline_featured_image":false,"footnotes":""},"class_list":["post-16","page","type-page","status-publish","hentry"],"acf":[],"yoast_head":"<!-- This site is optimized with the Yoast SEO plugin v24.4 - https:\/\/yoast.com\/wordpress\/plugins\/seo\/ -->\n<title>Podaci - Mjerenja otpada od hrane<\/title>\n<meta name=\"robots\" content=\"index, follow, max-snippet:-1, max-image-preview:large, max-video-preview:-1\" \/>\n<link rel=\"canonical\" href=\"https:\/\/otpadodhrane.mingor.hr\/?page_id=16\" \/>\n<meta property=\"og:locale\" content=\"hr_HR\" \/>\n<meta property=\"og:type\" content=\"article\" \/>\n<meta property=\"og:title\" content=\"Podaci - Mjerenja otpada od hrane\" \/>\n<meta property=\"og:description\" content=\"Podaci Okvirnom direktivom o otpadu 2008\/98\/EZ utvr\u0111ena je obveza dr\u017eava \u010dlanica da u svoje programe za spre\u010davanje nastanka otpada uklju\u010de spre\u010davanje nastanka otpada od hrane te da prate i procjenjuju provedbu svojih mjera za spre\u010davanje nastanka otpada od hrane mjerenjem razine otpada od hrane na temelju zajedni\u010dke metodologije. Tu zajedni\u010dku metodologiju i minimalne zahtjeve u [&hellip;]\" \/>\n<meta property=\"og:url\" content=\"https:\/\/otpadodhrane.mingor.hr\/?page_id=16\" \/>\n<meta property=\"og:site_name\" content=\"Mjerenja otpada od hrane\" \/>\n<meta property=\"article:modified_time\" content=\"2024-10-22T13:35:44+00:00\" \/>\n<meta property=\"og:image\" content=\"https:\/\/otpadodhrane.mingor.hr\/wp-content\/uploads\/2024\/01\/Frame-10.svg\" \/>\n<meta name=\"twitter:card\" content=\"summary_large_image\" \/>\n<meta name=\"twitter:label1\" content=\"Procijenjeno vrijeme \u010ditanja\" \/>\n\t<meta name=\"twitter:data1\" content=\"1 minuta\" \/>\n<script type=\"application\/ld+json\" class=\"yoast-schema-graph\">{\"@context\":\"https:\/\/schema.org\",\"@graph\":[{\"@type\":\"WebPage\",\"@id\":\"https:\/\/otpadodhrane.mingor.hr\/?page_id=16\",\"url\":\"https:\/\/otpadodhrane.mingor.hr\/?page_id=16\",\"name\":\"Podaci - Mjerenja otpada od hrane\",\"isPartOf\":{\"@id\":\"https:\/\/otpadodhrane.mingor.hr\/#website\"},\"primaryImageOfPage\":{\"@id\":\"https:\/\/otpadodhrane.mingor.hr\/?page_id=16#primaryimage\"},\"image\":{\"@id\":\"https:\/\/otpadodhrane.mingor.hr\/?page_id=16#primaryimage\"},\"thumbnailUrl\":\"https:\/\/otpadodhrane.mingor.hr\/wp-content\/uploads\/2024\/01\/Frame-10.svg\",\"datePublished\":\"2023-12-04T07:49:32+00:00\",\"dateModified\":\"2024-10-22T13:35:44+00:00\",\"breadcrumb\":{\"@id\":\"https:\/\/otpadodhrane.mingor.hr\/?page_id=16#breadcrumb\"},\"inLanguage\":\"hr\",\"potentialAction\":[{\"@type\":\"ReadAction\",\"target\":[\"https:\/\/otpadodhrane.mingor.hr\/?page_id=16\"]}]},{\"@type\":\"ImageObject\",\"inLanguage\":\"hr\",\"@id\":\"https:\/\/otpadodhrane.mingor.hr\/?page_id=16#primaryimage\",\"url\":\"https:\/\/otpadodhrane.mingor.hr\/wp-content\/uploads\/2024\/01\/Frame-10.svg\",\"contentUrl\":\"https:\/\/otpadodhrane.mingor.hr\/wp-content\/uploads\/2024\/01\/Frame-10.svg\"},{\"@type\":\"BreadcrumbList\",\"@id\":\"https:\/\/otpadodhrane.mingor.hr\/?page_id=16#breadcrumb\",\"itemListElement\":[{\"@type\":\"ListItem\",\"position\":1,\"name\":\"Po\u010detna stranica\",\"item\":\"https:\/\/otpadodhrane.mingor.hr\/\"},{\"@type\":\"ListItem\",\"position\":2,\"name\":\"Podaci\"}]},{\"@type\":\"WebSite\",\"@id\":\"https:\/\/otpadodhrane.mingor.hr\/#website\",\"url\":\"https:\/\/otpadodhrane.mingor.hr\/\",\"name\":\"Mjerenja otpada od hrane\",\"description\":\"\",\"publisher\":{\"@id\":\"https:\/\/otpadodhrane.mingor.hr\/#organization\"},\"potentialAction\":[{\"@type\":\"SearchAction\",\"target\":{\"@type\":\"EntryPoint\",\"urlTemplate\":\"https:\/\/otpadodhrane.mingor.hr\/?s={search_term_string}\"},\"query-input\":{\"@type\":\"PropertyValueSpecification\",\"valueRequired\":true,\"valueName\":\"search_term_string\"}}],\"inLanguage\":\"hr\"},{\"@type\":\"Organization\",\"@id\":\"https:\/\/otpadodhrane.mingor.hr\/#organization\",\"name\":\"Mjerenja otpada od hrane\",\"url\":\"https:\/\/otpadodhrane.mingor.hr\/\",\"logo\":{\"@type\":\"ImageObject\",\"inLanguage\":\"hr\",\"@id\":\"https:\/\/otpadodhrane.mingor.hr\/#\/schema\/logo\/image\/\",\"url\":\"https:\/\/otpadodhrane.haop.hr\/wp-content\/uploads\/2023\/12\/Layer_1-24.svg\",\"contentUrl\":\"https:\/\/otpadodhrane.haop.hr\/wp-content\/uploads\/2023\/12\/Layer_1-24.svg\",\"width\":229,\"height\":100,\"caption\":\"Mjerenja otpada od hrane\"},\"image\":{\"@id\":\"https:\/\/otpadodhrane.mingor.hr\/#\/schema\/logo\/image\/\"}}]}<\/script>\n<!-- \/ Yoast SEO plugin. -->","yoast_head_json":{"title":"Podaci - Mjerenja otpada od hrane","robots":{"index":"index","follow":"follow","max-snippet":"max-snippet:-1","max-image-preview":"max-image-preview:large","max-video-preview":"max-video-preview:-1"},"canonical":"https:\/\/otpadodhrane.mingor.hr\/?page_id=16","og_locale":"hr_HR","og_type":"article","og_title":"Podaci - Mjerenja otpada od hrane","og_description":"Podaci Okvirnom direktivom o otpadu 2008\/98\/EZ utvr\u0111ena je obveza dr\u017eava \u010dlanica da u svoje programe za spre\u010davanje nastanka otpada uklju\u010de spre\u010davanje nastanka otpada od hrane te da prate i procjenjuju provedbu svojih mjera za spre\u010davanje nastanka otpada od hrane mjerenjem razine otpada od hrane na temelju zajedni\u010dke metodologije. Tu zajedni\u010dku metodologiju i minimalne zahtjeve u [&hellip;]","og_url":"https:\/\/otpadodhrane.mingor.hr\/?page_id=16","og_site_name":"Mjerenja otpada od hrane","article_modified_time":"2024-10-22T13:35:44+00:00","og_image":[{"url":"https:\/\/otpadodhrane.mingor.hr\/wp-content\/uploads\/2024\/01\/Frame-10.svg","type":"","width":"","height":""}],"twitter_card":"summary_large_image","twitter_misc":{"Procijenjeno vrijeme \u010ditanja":"1 minuta"},"schema":{"@context":"https:\/\/schema.org","@graph":[{"@type":"WebPage","@id":"https:\/\/otpadodhrane.mingor.hr\/?page_id=16","url":"https:\/\/otpadodhrane.mingor.hr\/?page_id=16","name":"Podaci - Mjerenja otpada od hrane","isPartOf":{"@id":"https:\/\/otpadodhrane.mingor.hr\/#website"},"primaryImageOfPage":{"@id":"https:\/\/otpadodhrane.mingor.hr\/?page_id=16#primaryimage"},"image":{"@id":"https:\/\/otpadodhrane.mingor.hr\/?page_id=16#primaryimage"},"thumbnailUrl":"https:\/\/otpadodhrane.mingor.hr\/wp-content\/uploads\/2024\/01\/Frame-10.svg","datePublished":"2023-12-04T07:49:32+00:00","dateModified":"2024-10-22T13:35:44+00:00","breadcrumb":{"@id":"https:\/\/otpadodhrane.mingor.hr\/?page_id=16#breadcrumb"},"inLanguage":"hr","potentialAction":[{"@type":"ReadAction","target":["https:\/\/otpadodhrane.mingor.hr\/?page_id=16"]}]},{"@type":"ImageObject","inLanguage":"hr","@id":"https:\/\/otpadodhrane.mingor.hr\/?page_id=16#primaryimage","url":"https:\/\/otpadodhrane.mingor.hr\/wp-content\/uploads\/2024\/01\/Frame-10.svg","contentUrl":"https:\/\/otpadodhrane.mingor.hr\/wp-content\/uploads\/2024\/01\/Frame-10.svg"},{"@type":"BreadcrumbList","@id":"https:\/\/otpadodhrane.mingor.hr\/?page_id=16#breadcrumb","itemListElement":[{"@type":"ListItem","position":1,"name":"Po\u010detna stranica","item":"https:\/\/otpadodhrane.mingor.hr\/"},{"@type":"ListItem","position":2,"name":"Podaci"}]},{"@type":"WebSite","@id":"https:\/\/otpadodhrane.mingor.hr\/#website","url":"https:\/\/otpadodhrane.mingor.hr\/","name":"Mjerenja otpada od hrane","description":"","publisher":{"@id":"https:\/\/otpadodhrane.mingor.hr\/#organization"},"potentialAction":[{"@type":"SearchAction","target":{"@type":"EntryPoint","urlTemplate":"https:\/\/otpadodhrane.mingor.hr\/?s={search_term_string}"},"query-input":{"@type":"PropertyValueSpecification","valueRequired":true,"valueName":"search_term_string"}}],"inLanguage":"hr"},{"@type":"Organization","@id":"https:\/\/otpadodhrane.mingor.hr\/#organization","name":"Mjerenja otpada od hrane","url":"https:\/\/otpadodhrane.mingor.hr\/","logo":{"@type":"ImageObject","inLanguage":"hr","@id":"https:\/\/otpadodhrane.mingor.hr\/#\/schema\/logo\/image\/","url":"https:\/\/otpadodhrane.haop.hr\/wp-content\/uploads\/2023\/12\/Layer_1-24.svg","contentUrl":"https:\/\/otpadodhrane.haop.hr\/wp-content\/uploads\/2023\/12\/Layer_1-24.svg","width":229,"height":100,"caption":"Mjerenja otpada od hrane"},"image":{"@id":"https:\/\/otpadodhrane.mingor.hr\/#\/schema\/logo\/image\/"}}]}},"_links":{"self":[{"href":"https:\/\/otpadodhrane.haop.hr\/index.php?rest_route=\/wp\/v2\/pages\/16","targetHints":{"allow":["GET"]}}],"collection":[{"href":"https:\/\/otpadodhrane.haop.hr\/index.php?rest_route=\/wp\/v2\/pages"}],"about":[{"href":"https:\/\/otpadodhrane.haop.hr\/index.php?rest_route=\/wp\/v2\/types\/page"}],"author":[{"embeddable":true,"href":"https:\/\/otpadodhrane.haop.hr\/index.php?rest_route=\/wp\/v2\/users\/1"}],"replies":[{"embeddable":true,"href":"https:\/\/otpadodhrane.haop.hr\/index.php?rest_route=%2Fwp%2Fv2%2Fcomments&post=16"}],"version-history":[{"count":38,"href":"https:\/\/otpadodhrane.haop.hr\/index.php?rest_route=\/wp\/v2\/pages\/16\/revisions"}],"predecessor-version":[{"id":1256,"href":"https:\/\/otpadodhrane.haop.hr\/index.php?rest_route=\/wp\/v2\/pages\/16\/revisions\/1256"}],"wp:attachment":[{"href":"https:\/\/otpadodhrane.haop.hr\/index.php?rest_route=%2Fwp%2Fv2%2Fmedia&parent=16"}],"curies":[{"name":"wp","href":"https:\/\/api.w.org\/{rel}","templated":true}]}}