{"id":14,"date":"2023-12-04T08:49:24","date_gmt":"2023-12-04T07:49:24","guid":{"rendered":"http:\/\/test-moh.hr.dedi3734.your-server.de\/?page_id=14"},"modified":"2024-10-22T15:29:41","modified_gmt":"2024-10-22T13:29:41","slug":"prikupljanje-podataka","status":"publish","type":"page","link":"https:\/\/otpadodhrane.haop.hr\/?page_id=14","title":{"rendered":"Prikupljanje podataka"},"content":{"rendered":"\t\t<div data-elementor-type=\"wp-page\" data-elementor-id=\"14\" class=\"elementor elementor-14\" data-elementor-post-type=\"page\">\n\t\t\t\t<div class=\"elementor-element elementor-element-4e4d5d0 e-flex e-con-boxed e-con e-parent\" data-id=\"4e4d5d0\" data-element_type=\"container\" data-settings=\"{&quot;background_background&quot;:&quot;classic&quot;}\">\n\t\t\t\t\t<div class=\"e-con-inner\">\n\t\t<div class=\"elementor-element elementor-element-7a2592c e-con-full e-flex e-con e-child\" data-id=\"7a2592c\" data-element_type=\"container\">\n\t\t\t\t<div class=\"elementor-element elementor-element-33be680 elementor-widget elementor-widget-heading\" data-id=\"33be680\" data-element_type=\"widget\" data-widget_type=\"heading.default\">\n\t\t\t\t<div class=\"elementor-widget-container\">\n\t\t\t\t\t<h2 class=\"elementor-heading-title elementor-size-default\">Prikupljanje podataka<\/h2>\t\t\t\t<\/div>\n\t\t\t\t<\/div>\n\t\t\t\t<div class=\"elementor-element elementor-element-11e8eab elementor-widget elementor-widget-text-editor\" data-id=\"11e8eab\" data-element_type=\"widget\" data-widget_type=\"text-editor.default\">\n\t\t\t\t<div class=\"elementor-widget-container\">\n\t\t\t\t\t\t\t\t\t<p>U svrhu doprinosa ostvarenju <a href=\"https:\/\/sdg12hub.org\/sdg-12-hub\/see-progress-on-sdg-12-by-target\/123-food-loss-waste#indicator-item-12.3.1b\" target=\"_blank\" rel=\"noopener\">cilja 12.3 Agende 2030<\/a>, na razini EU su tijekom 2018. i 2019. godine doneseni propisi na temelju kojih se propisala jedinstvena metodologija te su se po prvi puta dobili usporedivi podaci o koli\u010dinama otpada od hrane koji se proizvodi u dr\u017eavama \u010dlanicama. Do tada gospodarenje otpadom od hrane nije bilo regulirano na razini EU, nije postojala obveza mjerenja koli\u010dina, a dostupni podaci bili su neusporedivi zbog kori\u0161tenja razli\u010ditih metodologija prikupljanja i izra\u010duna. Stoga su <a href=\"https:\/\/eur-lex.europa.eu\/legal-content\/HR\/TXT\/PDF\/?uri=CELEX:32018L0851&amp;from=hr\" target=\"_blank\" rel=\"noopener\">Direktivom (EU) 2018\/851<\/a> o izmjeni Direktive 2008\/98\/EZ uvedene sljede\u0107e novine:<\/p><ul><li>definicija otpada od hrane,<\/li><li>obveza dono\u0161enja mjera za smanjivanje nastanka otpada od hrane u skladu s ciljem odr\u017eivog razvoja 12.3 UN-a,<\/li><li>obveza pra\u0107enja i procjene provedbe mjera za spre\u010davanje nastanka otpada od hrane mjerenjem razine otpada od hrane,<\/li><li>obveza dono\u0161enja specifi\u010dnih programa za spre\u010davanje nastanka otpada od hrane u okviru programa sprje\u010davanja nastanka otpada.<\/li><\/ul>\t\t\t\t\t\t\t\t<\/div>\n\t\t\t\t<\/div>\n\t\t\t\t<\/div>\n\t\t<div class=\"elementor-element elementor-element-e03da38 e-con-full e-flex e-con e-child\" data-id=\"e03da38\" data-element_type=\"container\">\n\t\t\t\t<div class=\"elementor-element elementor-element-bf8ef89 elementor-hidden-tablet elementor-hidden-mobile elementor-widget elementor-widget-image\" data-id=\"bf8ef89\" data-element_type=\"widget\" data-widget_type=\"image.default\">\n\t\t\t\t<div class=\"elementor-widget-container\">\n\t\t\t\t\t\t\t\t\t\t\t\t\t\t\t<img fetchpriority=\"high\" decoding=\"async\" width=\"963\" height=\"886\" src=\"https:\/\/otpadodhrane.haop.hr\/wp-content\/uploads\/2024\/01\/Frame-11.svg\" class=\"attachment-full size-full wp-image-594\" alt=\"\" \/>\t\t\t\t\t\t\t\t\t\t\t\t\t\t\t<\/div>\n\t\t\t\t<\/div>\n\t\t\t\t<div class=\"elementor-element elementor-element-2ac8618 elementor-hidden-desktop elementor-hidden-laptop elementor-widget elementor-widget-image\" data-id=\"2ac8618\" data-element_type=\"widget\" data-widget_type=\"image.default\">\n\t\t\t\t<div class=\"elementor-widget-container\">\n\t\t\t\t\t\t\t\t\t\t\t\t\t\t\t<img decoding=\"async\" width=\"963\" height=\"886\" src=\"https:\/\/otpadodhrane.haop.hr\/wp-content\/uploads\/2024\/01\/Frame-11.png\" class=\"attachment-full size-full wp-image-1030\" alt=\"\" srcset=\"https:\/\/otpadodhrane.haop.hr\/wp-content\/uploads\/2024\/01\/Frame-11.png 963w, https:\/\/otpadodhrane.haop.hr\/wp-content\/uploads\/2024\/01\/Frame-11-300x276.png 300w, https:\/\/otpadodhrane.haop.hr\/wp-content\/uploads\/2024\/01\/Frame-11-768x707.png 768w\" sizes=\"(max-width: 963px) 100vw, 963px\" \/>\t\t\t\t\t\t\t\t\t\t\t\t\t\t\t<\/div>\n\t\t\t\t<\/div>\n\t\t\t\t<\/div>\n\t\t\t\t\t<\/div>\n\t\t\t\t<\/div>\n\t\t<div class=\"elementor-element elementor-element-a2c144d e-flex e-con-boxed e-con e-parent\" data-id=\"a2c144d\" data-element_type=\"container\">\n\t\t\t\t\t<div class=\"e-con-inner\">\n\t\t<div class=\"elementor-element elementor-element-595d15d e-con-full e-flex e-con e-child\" data-id=\"595d15d\" data-element_type=\"container\">\n\t\t\t\t<div class=\"elementor-element elementor-element-af14ca0 elementor-widget__width-initial elementor-widget-tablet__width-inherit elementor-widget elementor-widget-text-editor\" data-id=\"af14ca0\" data-element_type=\"widget\" data-widget_type=\"text-editor.default\">\n\t\t\t\t<div class=\"elementor-widget-container\">\n\t\t\t\t\t\t\t\t\t<p>Nadalje, na temelju navedene Direktive (EU) 2018\/851 donesene su <a href=\"https:\/\/eur-lex.europa.eu\/legal-content\/HR\/TXT\/PDF\/?uri=CELEX:32019D1597&amp;from=HR\" target=\"_blank\" rel=\"noopener\">Delegirana odluka Komisije (EU) 2019\/1597<\/a> o dopuni Direktive 2008\/98\/EZ u odnosu na zajedni\u010dku metodologiju i minimalne zahtjeve u pogledu kvalitete za ujedna\u010deno mjerenje razine otpada od hrane te <a href=\"https:\/\/eur-lex.europa.eu\/legal-content\/HR\/TXT\/PDF\/?uri=CELEX:32019D2000&amp;from=HR\" target=\"_blank\" rel=\"noopener\">Provedbena odluka Komisije (EU) 2019\/2000<\/a> o utvr\u0111ivanju formata za dostavu podataka o otpadu od hrane i za podno\u0161enje izvje\u0161\u0107a o provjeri kvalitete u skladu s Direktivom 2008\/98\/EZ.<\/p><p>Navedene propise, osim obveze dono\u0161enja specifi\u010dnih programa za spre\u010davanje nastanka otpada od hrane, Republika Hrvatska je prenijela u svoje zakonodavstvo Zakonom o gospodarenju otpadom (Narodne novine, br. <a href=\"https:\/\/narodne-novine.nn.hr\/clanci\/sluzbeni\/2021_07_84_1554.html\" target=\"_blank\" rel=\"noopener\">84\/2021)<\/a>. U prosincu 2022. godine Ministarstvo nadle\u017eno za poljoprivredu donijelo je Plan sprje\u010davanja i smanjenja nastajanja otpada od hrane Republike Hrvatske za razdoblje 2023. \u2013 2028. godine (Narodne novine, br. <a href=\"https:\/\/narodne-novine.nn.hr\/clanci\/sluzbeni\/2022_12_156_2535.html\" target=\"_blank\" rel=\"noopener\">156\/2022<\/a>),<\/p>\t\t\t\t\t\t\t\t<\/div>\n\t\t\t\t<\/div>\n\t\t\t\t<\/div>\n\t\t<div class=\"elementor-element elementor-element-bacb3b4 e-con-full e-flex e-con e-child\" data-id=\"bacb3b4\" data-element_type=\"container\">\n\t\t\t\t<div class=\"elementor-element elementor-element-e89c1f0 elementor-widget__width-initial elementor-widget-tablet__width-inherit elementor-widget elementor-widget-text-editor\" data-id=\"e89c1f0\" data-element_type=\"widget\" data-widget_type=\"text-editor.default\">\n\t\t\t\t<div class=\"elementor-widget-container\">\n\t\t\t\t\t\t\t\t\t<p>drugi po redu, s klju\u010dnim mjerama i pripadaju\u0107im aktivnostima kojima se djeluje na sprje\u010davanje nastajanja otpada od hrane du\u017e cijelog lanca opskrbe hranom.<\/p><p>Sukladno propisanim obvezama dr\u017eave \u010dlanice EU du\u017ene su svake \u010detiri godine provesti opse\u017eno statisti\u010dko istra\u017eivanje o koli\u010dinama otpada od hrane u svim fazama opskrbe hranom i ku\u0107anstvima. Rezultati prvog pra\u0107enja razina bacanja hrane provedenog na razini cijele EU za 2020. godinu poslu\u017eit \u0107e kao osnova za procjenu napretka te kao osnova za dono\u0161enje ciljeva smanjenja otpada od hrane u narednom razdoblju. Tako\u0111er, do kraja 2027. godine planirana je slu\u017ebena revizija napretka koje su postigle dr\u017eave \u010dlanice i mogu\u0107nost ispravljanja smjera ako dokazi upu\u0107uju na to da EU mo\u017ee jo\u0161 vi\u0161e pridonijeti globalnoj ambiciji.<\/p>\t\t\t\t\t\t\t\t<\/div>\n\t\t\t\t<\/div>\n\t\t\t\t<\/div>\n\t\t\t\t\t<\/div>\n\t\t\t\t<\/div>\n\t\t<div class=\"elementor-element elementor-element-ef04738 e-flex e-con-boxed e-con e-parent\" data-id=\"ef04738\" data-element_type=\"container\" data-settings=\"{&quot;background_background&quot;:&quot;classic&quot;}\">\n\t\t\t\t\t<div class=\"e-con-inner\">\n\t\t<div class=\"elementor-element elementor-element-5f56e6b e-con-full e-flex e-con e-child\" data-id=\"5f56e6b\" data-element_type=\"container\">\n\t\t\t\t<div class=\"elementor-element elementor-element-681e1f8 elementor-widget__width-initial elementor-widget-tablet__width-inherit elementor-widget elementor-widget-text-editor\" data-id=\"681e1f8\" data-element_type=\"widget\" data-widget_type=\"text-editor.default\">\n\t\t\t\t<div class=\"elementor-widget-container\">\n\t\t\t\t\t\t\t\t\t<p>U skladu sa zahtjevima gore navedenih propisa, u Republici Hrvatskoj je tijekom 2021. godine provedeno opse\u017eno statisti\u010dko istra\u017eivanje o otpadu od hrane u svim fazama lanca opskrbe hranom kojem je glavni cilj bio unaprje\u0111enje sustava pra\u0107enja gospodarenja otpadom od hrane te izvje\u0161\u0107ivanje prema tijelima Europske komisije. Kori\u0161tena metodologija bila je izravno mjerenje, vo\u0111enje dnevnika tjedan dana i anketni upitnik za ku\u0107anstva te anketni upitnik za poslovni sektor.<\/p><p>Vi\u0161e podataka o provedenom istra\u017eivanju dostupno je na mre\u017enim stranicama Informacijskog sustava gospodarenja otpadom u rubrici <a href=\"https:\/\/isgo-portal.mingor.hr\/hr\/projekti\/statisticko-istrazivanje-o-otpadu-od-hrane\" target=\"_blank\" rel=\"noopener\">Prikupljanje podataka \/ Projekti<\/a>.<\/p>\t\t\t\t\t\t\t\t<\/div>\n\t\t\t\t<\/div>\n\t\t\t\t<\/div>\n\t\t<div class=\"elementor-element elementor-element-ba10141 e-con-full e-flex e-con e-child\" data-id=\"ba10141\" data-element_type=\"container\">\n\t\t\t\t<div class=\"elementor-element elementor-element-efc0352 elementor-widget__width-initial elementor-widget-tablet__width-inherit elementor-widget elementor-widget-text-editor\" data-id=\"efc0352\" data-element_type=\"widget\" data-widget_type=\"text-editor.default\">\n\t\t\t\t<div class=\"elementor-widget-container\">\n\t\t\t\t\t\t\t\t\t<p>U prolje\u0107e 2022. godine Europska komisija je u okviru Programa jedinstvenog tr\u017ei\u0161ta (Single Market Programme) objavila poziv za dodjelu darovnica dr\u017eavama \u010dlanicama koje su zainteresirane za unaprje\u0111enje mjerenja otpada od hrane te implementaciju programa sprje\u010davanja otpada od hrane. Tada\u0161nje Ministarstvo gospodarstva i odr\u017eivog razvoja, dana\u0161nje Ministarstvo za\u0161tite okoli\u0161a i zelene tranzicije, kao nadle\u017eno tijelo za mjerenje koli\u010dine otpada od hrane, prijavilo se na poziv i dobilo darovnicu za projekt <a href=\"https:\/\/otpadodhrane.mingor.hr\/?page_id=18\">\u201eUnaprje\u0111enje podataka o otpadu od hrane u Republici Hrvatskoj\u201c<\/a> koji se u skladu s potpisanim ugovorom provodi od 1. sije\u010dnja 2023. do 31. listopada 2024. godine. \u00a0<\/p>\t\t\t\t\t\t\t\t<\/div>\n\t\t\t\t<\/div>\n\t\t\t\t<\/div>\n\t\t\t\t\t<\/div>\n\t\t\t\t<\/div>\n\t\t\t\t<\/div>\n\t\t","protected":false},"excerpt":{"rendered":"<p>Prikupljanje podataka U svrhu doprinosa ostvarenju cilja 12.3 Agende 2030, na razini EU su tijekom 2018. i 2019. godine doneseni propisi na temelju kojih se propisala jedinstvena metodologija te su se po prvi puta dobili usporedivi podaci o koli\u010dinama otpada od hrane koji se proizvodi u dr\u017eavama \u010dlanicama. Do tada gospodarenje otpadom od hrane nije [&hellip;]<\/p>\n","protected":false},"author":1,"featured_media":0,"parent":0,"menu_order":0,"comment_status":"closed","ping_status":"closed","template":"","meta":{"inline_featured_image":false,"footnotes":""},"class_list":["post-14","page","type-page","status-publish","hentry"],"acf":[],"yoast_head":"<!-- This site is optimized with the Yoast SEO plugin v24.4 - https:\/\/yoast.com\/wordpress\/plugins\/seo\/ -->\n<title>Prikupljanje podataka - Mjerenja otpada od hrane<\/title>\n<meta name=\"robots\" content=\"index, follow, max-snippet:-1, max-image-preview:large, max-video-preview:-1\" \/>\n<link rel=\"canonical\" href=\"https:\/\/otpadodhrane.mingor.hr\/?page_id=14\" \/>\n<meta property=\"og:locale\" content=\"hr_HR\" \/>\n<meta property=\"og:type\" content=\"article\" \/>\n<meta property=\"og:title\" content=\"Prikupljanje podataka - Mjerenja otpada od hrane\" \/>\n<meta property=\"og:description\" content=\"Prikupljanje podataka U svrhu doprinosa ostvarenju cilja 12.3 Agende 2030, na razini EU su tijekom 2018. i 2019. godine doneseni propisi na temelju kojih se propisala jedinstvena metodologija te su se po prvi puta dobili usporedivi podaci o koli\u010dinama otpada od hrane koji se proizvodi u dr\u017eavama \u010dlanicama. Do tada gospodarenje otpadom od hrane nije [&hellip;]\" \/>\n<meta property=\"og:url\" content=\"https:\/\/otpadodhrane.mingor.hr\/?page_id=14\" \/>\n<meta property=\"og:site_name\" content=\"Mjerenja otpada od hrane\" \/>\n<meta property=\"article:modified_time\" content=\"2024-10-22T13:29:41+00:00\" \/>\n<meta property=\"og:image\" content=\"https:\/\/otpadodhrane.mingor.hr\/wp-content\/uploads\/2024\/01\/Frame-11.svg\" \/>\n<meta name=\"twitter:card\" content=\"summary_large_image\" \/>\n<meta name=\"twitter:label1\" content=\"Procijenjeno vrijeme \u010ditanja\" \/>\n\t<meta name=\"twitter:data1\" content=\"4 minute\" \/>\n<script type=\"application\/ld+json\" class=\"yoast-schema-graph\">{\"@context\":\"https:\/\/schema.org\",\"@graph\":[{\"@type\":\"WebPage\",\"@id\":\"https:\/\/otpadodhrane.mingor.hr\/?page_id=14\",\"url\":\"https:\/\/otpadodhrane.mingor.hr\/?page_id=14\",\"name\":\"Prikupljanje podataka - Mjerenja otpada od hrane\",\"isPartOf\":{\"@id\":\"https:\/\/otpadodhrane.mingor.hr\/#website\"},\"primaryImageOfPage\":{\"@id\":\"https:\/\/otpadodhrane.mingor.hr\/?page_id=14#primaryimage\"},\"image\":{\"@id\":\"https:\/\/otpadodhrane.mingor.hr\/?page_id=14#primaryimage\"},\"thumbnailUrl\":\"https:\/\/otpadodhrane.mingor.hr\/wp-content\/uploads\/2024\/01\/Frame-11.svg\",\"datePublished\":\"2023-12-04T07:49:24+00:00\",\"dateModified\":\"2024-10-22T13:29:41+00:00\",\"breadcrumb\":{\"@id\":\"https:\/\/otpadodhrane.mingor.hr\/?page_id=14#breadcrumb\"},\"inLanguage\":\"hr\",\"potentialAction\":[{\"@type\":\"ReadAction\",\"target\":[\"https:\/\/otpadodhrane.mingor.hr\/?page_id=14\"]}]},{\"@type\":\"ImageObject\",\"inLanguage\":\"hr\",\"@id\":\"https:\/\/otpadodhrane.mingor.hr\/?page_id=14#primaryimage\",\"url\":\"https:\/\/otpadodhrane.mingor.hr\/wp-content\/uploads\/2024\/01\/Frame-11.svg\",\"contentUrl\":\"https:\/\/otpadodhrane.mingor.hr\/wp-content\/uploads\/2024\/01\/Frame-11.svg\"},{\"@type\":\"BreadcrumbList\",\"@id\":\"https:\/\/otpadodhrane.mingor.hr\/?page_id=14#breadcrumb\",\"itemListElement\":[{\"@type\":\"ListItem\",\"position\":1,\"name\":\"Po\u010detna stranica\",\"item\":\"https:\/\/otpadodhrane.mingor.hr\/\"},{\"@type\":\"ListItem\",\"position\":2,\"name\":\"Prikupljanje podataka\"}]},{\"@type\":\"WebSite\",\"@id\":\"https:\/\/otpadodhrane.mingor.hr\/#website\",\"url\":\"https:\/\/otpadodhrane.mingor.hr\/\",\"name\":\"Mjerenja otpada od hrane\",\"description\":\"\",\"publisher\":{\"@id\":\"https:\/\/otpadodhrane.mingor.hr\/#organization\"},\"potentialAction\":[{\"@type\":\"SearchAction\",\"target\":{\"@type\":\"EntryPoint\",\"urlTemplate\":\"https:\/\/otpadodhrane.mingor.hr\/?s={search_term_string}\"},\"query-input\":{\"@type\":\"PropertyValueSpecification\",\"valueRequired\":true,\"valueName\":\"search_term_string\"}}],\"inLanguage\":\"hr\"},{\"@type\":\"Organization\",\"@id\":\"https:\/\/otpadodhrane.mingor.hr\/#organization\",\"name\":\"Mjerenja otpada od hrane\",\"url\":\"https:\/\/otpadodhrane.mingor.hr\/\",\"logo\":{\"@type\":\"ImageObject\",\"inLanguage\":\"hr\",\"@id\":\"https:\/\/otpadodhrane.mingor.hr\/#\/schema\/logo\/image\/\",\"url\":\"https:\/\/otpadodhrane.haop.hr\/wp-content\/uploads\/2023\/12\/Layer_1-24.svg\",\"contentUrl\":\"https:\/\/otpadodhrane.haop.hr\/wp-content\/uploads\/2023\/12\/Layer_1-24.svg\",\"width\":229,\"height\":100,\"caption\":\"Mjerenja otpada od hrane\"},\"image\":{\"@id\":\"https:\/\/otpadodhrane.mingor.hr\/#\/schema\/logo\/image\/\"}}]}<\/script>\n<!-- \/ Yoast SEO plugin. -->","yoast_head_json":{"title":"Prikupljanje podataka - Mjerenja otpada od hrane","robots":{"index":"index","follow":"follow","max-snippet":"max-snippet:-1","max-image-preview":"max-image-preview:large","max-video-preview":"max-video-preview:-1"},"canonical":"https:\/\/otpadodhrane.mingor.hr\/?page_id=14","og_locale":"hr_HR","og_type":"article","og_title":"Prikupljanje podataka - Mjerenja otpada od hrane","og_description":"Prikupljanje podataka U svrhu doprinosa ostvarenju cilja 12.3 Agende 2030, na razini EU su tijekom 2018. i 2019. godine doneseni propisi na temelju kojih se propisala jedinstvena metodologija te su se po prvi puta dobili usporedivi podaci o koli\u010dinama otpada od hrane koji se proizvodi u dr\u017eavama \u010dlanicama. Do tada gospodarenje otpadom od hrane nije [&hellip;]","og_url":"https:\/\/otpadodhrane.mingor.hr\/?page_id=14","og_site_name":"Mjerenja otpada od hrane","article_modified_time":"2024-10-22T13:29:41+00:00","og_image":[{"url":"https:\/\/otpadodhrane.mingor.hr\/wp-content\/uploads\/2024\/01\/Frame-11.svg","type":"","width":"","height":""}],"twitter_card":"summary_large_image","twitter_misc":{"Procijenjeno vrijeme \u010ditanja":"4 minute"},"schema":{"@context":"https:\/\/schema.org","@graph":[{"@type":"WebPage","@id":"https:\/\/otpadodhrane.mingor.hr\/?page_id=14","url":"https:\/\/otpadodhrane.mingor.hr\/?page_id=14","name":"Prikupljanje podataka - Mjerenja otpada od hrane","isPartOf":{"@id":"https:\/\/otpadodhrane.mingor.hr\/#website"},"primaryImageOfPage":{"@id":"https:\/\/otpadodhrane.mingor.hr\/?page_id=14#primaryimage"},"image":{"@id":"https:\/\/otpadodhrane.mingor.hr\/?page_id=14#primaryimage"},"thumbnailUrl":"https:\/\/otpadodhrane.mingor.hr\/wp-content\/uploads\/2024\/01\/Frame-11.svg","datePublished":"2023-12-04T07:49:24+00:00","dateModified":"2024-10-22T13:29:41+00:00","breadcrumb":{"@id":"https:\/\/otpadodhrane.mingor.hr\/?page_id=14#breadcrumb"},"inLanguage":"hr","potentialAction":[{"@type":"ReadAction","target":["https:\/\/otpadodhrane.mingor.hr\/?page_id=14"]}]},{"@type":"ImageObject","inLanguage":"hr","@id":"https:\/\/otpadodhrane.mingor.hr\/?page_id=14#primaryimage","url":"https:\/\/otpadodhrane.mingor.hr\/wp-content\/uploads\/2024\/01\/Frame-11.svg","contentUrl":"https:\/\/otpadodhrane.mingor.hr\/wp-content\/uploads\/2024\/01\/Frame-11.svg"},{"@type":"BreadcrumbList","@id":"https:\/\/otpadodhrane.mingor.hr\/?page_id=14#breadcrumb","itemListElement":[{"@type":"ListItem","position":1,"name":"Po\u010detna stranica","item":"https:\/\/otpadodhrane.mingor.hr\/"},{"@type":"ListItem","position":2,"name":"Prikupljanje podataka"}]},{"@type":"WebSite","@id":"https:\/\/otpadodhrane.mingor.hr\/#website","url":"https:\/\/otpadodhrane.mingor.hr\/","name":"Mjerenja otpada od hrane","description":"","publisher":{"@id":"https:\/\/otpadodhrane.mingor.hr\/#organization"},"potentialAction":[{"@type":"SearchAction","target":{"@type":"EntryPoint","urlTemplate":"https:\/\/otpadodhrane.mingor.hr\/?s={search_term_string}"},"query-input":{"@type":"PropertyValueSpecification","valueRequired":true,"valueName":"search_term_string"}}],"inLanguage":"hr"},{"@type":"Organization","@id":"https:\/\/otpadodhrane.mingor.hr\/#organization","name":"Mjerenja otpada od hrane","url":"https:\/\/otpadodhrane.mingor.hr\/","logo":{"@type":"ImageObject","inLanguage":"hr","@id":"https:\/\/otpadodhrane.mingor.hr\/#\/schema\/logo\/image\/","url":"https:\/\/otpadodhrane.haop.hr\/wp-content\/uploads\/2023\/12\/Layer_1-24.svg","contentUrl":"https:\/\/otpadodhrane.haop.hr\/wp-content\/uploads\/2023\/12\/Layer_1-24.svg","width":229,"height":100,"caption":"Mjerenja otpada od hrane"},"image":{"@id":"https:\/\/otpadodhrane.mingor.hr\/#\/schema\/logo\/image\/"}}]}},"_links":{"self":[{"href":"https:\/\/otpadodhrane.haop.hr\/index.php?rest_route=\/wp\/v2\/pages\/14","targetHints":{"allow":["GET"]}}],"collection":[{"href":"https:\/\/otpadodhrane.haop.hr\/index.php?rest_route=\/wp\/v2\/pages"}],"about":[{"href":"https:\/\/otpadodhrane.haop.hr\/index.php?rest_route=\/wp\/v2\/types\/page"}],"author":[{"embeddable":true,"href":"https:\/\/otpadodhrane.haop.hr\/index.php?rest_route=\/wp\/v2\/users\/1"}],"replies":[{"embeddable":true,"href":"https:\/\/otpadodhrane.haop.hr\/index.php?rest_route=%2Fwp%2Fv2%2Fcomments&post=14"}],"version-history":[{"count":85,"href":"https:\/\/otpadodhrane.haop.hr\/index.php?rest_route=\/wp\/v2\/pages\/14\/revisions"}],"predecessor-version":[{"id":1252,"href":"https:\/\/otpadodhrane.haop.hr\/index.php?rest_route=\/wp\/v2\/pages\/14\/revisions\/1252"}],"wp:attachment":[{"href":"https:\/\/otpadodhrane.haop.hr\/index.php?rest_route=%2Fwp%2Fv2%2Fmedia&parent=14"}],"curies":[{"name":"wp","href":"https:\/\/api.w.org\/{rel}","templated":true}]}}