{"id":12,"date":"2023-12-04T08:49:17","date_gmt":"2023-12-04T07:49:17","guid":{"rendered":"http:\/\/test-moh.hr.dedi3734.your-server.de\/?page_id=12"},"modified":"2024-01-12T09:25:18","modified_gmt":"2024-01-12T08:25:18","slug":"o-temi","status":"publish","type":"page","link":"https:\/\/otpadodhrane.haop.hr\/?page_id=12","title":{"rendered":"O temi"},"content":{"rendered":"\t\t<div data-elementor-type=\"wp-page\" data-elementor-id=\"12\" class=\"elementor elementor-12\" data-elementor-post-type=\"page\">\n\t\t\t\t<div class=\"elementor-element elementor-element-b9890f6 e-flex e-con-boxed e-con e-parent\" data-id=\"b9890f6\" data-element_type=\"container\" data-settings=\"{&quot;background_background&quot;:&quot;classic&quot;}\">\n\t\t\t\t\t<div class=\"e-con-inner\">\n\t\t<div class=\"elementor-element elementor-element-055a4a6 e-con-full e-flex e-con e-child\" data-id=\"055a4a6\" data-element_type=\"container\">\n\t\t\t\t<div class=\"elementor-element elementor-element-9997944 elementor-widget elementor-widget-heading\" data-id=\"9997944\" data-element_type=\"widget\" data-widget_type=\"heading.default\">\n\t\t\t\t<div class=\"elementor-widget-container\">\n\t\t\t\t\t<h2 class=\"elementor-heading-title elementor-size-default\">O temi<\/h2>\t\t\t\t<\/div>\n\t\t\t\t<\/div>\n\t\t\t\t<div class=\"elementor-element elementor-element-a61c027 elementor-widget elementor-widget-text-editor\" data-id=\"a61c027\" data-element_type=\"widget\" data-widget_type=\"text-editor.default\">\n\t\t\t\t<div class=\"elementor-widget-container\">\n\t\t\t\t\t\t\t\t\t<p>U rujnu 2015. godine u New Yorku je odr\u017eana konferencija Ujedinjenih naroda o odr\u017eivom razvoju na kojoj je usvojen novi Program globalnog razvoja za 2030. (<a href=\"https:\/\/sdgs.un.org\/2030agenda\" target=\"_blank\" rel=\"noopener\">Agenda 2030<\/a>) kao akcijski plan za rje\u0161avanje globalnih izazova od kojih je i dalje najve\u0107i siroma\u0161tvo u svim svojim oblicima. Apsurd je modernog svijeta da se s jedne strane bacaju goleme koli\u010dine proizvedene hrane \u0161to za posljedicu ima zna\u010dajne negativne u\u010dinke na okoli\u0161, dru\u0161tvo kao i na gospodarstvo, a s druge strane, vi\u0161e od milijardu ljudi \u017eivi u ekstremnom siroma\u0161tvu. Slijedom navedenog, jedan od ciljeva Agende 2030, cilj 12.3, je do 2030. prepoloviti globalne koli\u010dine otpada od hrane po stanovniku na maloprodajnoj i potro\u0161a\u010dkoj razini te smanjiti gubitke hrane uzdu\u017e opskrbnog lanca i lanca proizvodnje hrane, uklju\u010duju\u0107i gubitke nakon \u017eetve.<\/p>\t\t\t\t\t\t\t\t<\/div>\n\t\t\t\t<\/div>\n\t\t\t\t<\/div>\n\t\t<div class=\"elementor-element elementor-element-8850c85 e-con-full e-flex e-con e-child\" data-id=\"8850c85\" data-element_type=\"container\">\n\t\t\t\t<div class=\"elementor-element elementor-element-a2d7d85 elementor-widget elementor-widget-image\" data-id=\"a2d7d85\" data-element_type=\"widget\" data-widget_type=\"image.default\">\n\t\t\t\t<div class=\"elementor-widget-container\">\n\t\t\t\t\t\t\t\t\t\t\t\t\t\t\t<img fetchpriority=\"high\" decoding=\"async\" width=\"942\" height=\"550\" src=\"https:\/\/otpadodhrane.haop.hr\/wp-content\/uploads\/2024\/01\/Frame-12.png\" class=\"attachment-full size-full wp-image-577\" alt=\"\" srcset=\"https:\/\/otpadodhrane.haop.hr\/wp-content\/uploads\/2024\/01\/Frame-12.png 942w, https:\/\/otpadodhrane.haop.hr\/wp-content\/uploads\/2024\/01\/Frame-12-300x175.png 300w, https:\/\/otpadodhrane.haop.hr\/wp-content\/uploads\/2024\/01\/Frame-12-768x448.png 768w\" sizes=\"(max-width: 942px) 100vw, 942px\" \/>\t\t\t\t\t\t\t\t\t\t\t\t\t\t\t<\/div>\n\t\t\t\t<\/div>\n\t\t\t\t<\/div>\n\t\t\t\t\t<\/div>\n\t\t\t\t<\/div>\n\t\t<div class=\"elementor-element elementor-element-1087fd2 e-flex e-con-boxed e-con e-parent\" data-id=\"1087fd2\" data-element_type=\"container\">\n\t\t\t\t\t<div class=\"e-con-inner\">\n\t\t<div class=\"elementor-element elementor-element-dee07f8 e-con-full e-flex e-con e-child\" data-id=\"dee07f8\" data-element_type=\"container\">\n\t\t\t\t<div class=\"elementor-element elementor-element-51db7a9 elementor-widget__width-initial elementor-widget-tablet__width-inherit elementor-widget elementor-widget-text-editor\" data-id=\"51db7a9\" data-element_type=\"widget\" data-widget_type=\"text-editor.default\">\n\t\t\t\t<div class=\"elementor-widget-container\">\n\t\t\t\t\t\t\t\t\t<p>Prema definiciji iz <a href=\"https:\/\/eur-lex.europa.eu\/legal-content\/HR\/TXT\/PDF\/?uri=CELEX:02002R0178-20220701\" target=\"_blank\" rel=\"noopener\">Uredbe (EZ) br. 178\/2002<\/a> \u201ehrana\u201d (ili \u201eprehrambeni proizvod\u201d) je svaka tvar ili proizvod, prera\u0111en, djelomi\u010dno prera\u0111en ili neprera\u0111en, a namijenjen je prehrani ljudi ili se mo\u017ee o\u010dekivati da \u0107e ga ljudi konzumirati. Hrana uklju\u010duje pi\u0107e, \u017evaka\u0107u gumu i svaku drugu tvar, uklju\u010duju\u0107i vodu koja se namjerno ugra\u0111uje u hranu tijekom njezine proizvodnje, pripreme ili prerade. Hrana ne uklju\u010duje \u017eive \u017eivotinje, osim ako su pripremljene za stavljanje na tr\u017ei\u0161te za prehranu ljudi (npr. ulovljena \u017eiva riba) kao niti biljke prije ubiranja.<\/p><p>Nadalje, prema <a href=\"https:\/\/eur-lex.europa.eu\/legal-content\/EN\/TXT\/?uri=CELEX%3A02008L0098-20180705\" target=\"_blank\" rel=\"noopener\">Direktivi 2008\/98\/EZ<\/a> \u201eotpad od hrane\u201c (\u201efood waste\u201c) je sva hrana koja je postala otpad. U slu\u010daju odbacivanja primarnih proizvoda prije<\/p>\t\t\t\t\t\t\t\t<\/div>\n\t\t\t\t<\/div>\n\t\t\t\t<\/div>\n\t\t<div class=\"elementor-element elementor-element-4277531 e-con-full e-flex e-con e-child\" data-id=\"4277531\" data-element_type=\"container\">\n\t\t\t\t<div class=\"elementor-element elementor-element-8f262a2 elementor-widget__width-initial elementor-widget-tablet__width-inherit elementor-widget elementor-widget-text-editor\" data-id=\"8f262a2\" data-element_type=\"widget\" data-widget_type=\"text-editor.default\">\n\t\t\t\t<div class=\"elementor-widget-container\">\n\t\t\t\t\t\t\t\t\t<p>nego li su postali hrana u smislu gore navedene definicije, govorimo o \u201egubicima hrane\u201c (\u201efood loss\u201c). Osim toga, govore\u0107i o otpadu od hrane, potrebno je razlikovati neizbje\u017eni otpad od hrane (nejestivi dijelovi koji se uklanjaju tijekom proizvodnje hrane, kao \u0161to su ostaci vo\u0107a i povr\u0107a, kosti, riblje kosti, ljuske jaja i sl.) od onoga na koji mo\u017eemo utjecati odnosno otpad koji mo\u017eemo izbje\u0107i (hrana pogodna za konzumaciju koja se odbacuje ili ne konzumira, kao \u0161to su\u00a0 vo\u0107e i povr\u0107e s vanjskim izgledom koji ne zadovoljavaju standarde kvalitete, skladi\u0161teni proizvodi kojima istje\u010de rok trajanja, proizvedena hrana koja se u kona\u010dnici baci, otpad s tanjura, i sl.).<\/p>\t\t\t\t\t\t\t\t<\/div>\n\t\t\t\t<\/div>\n\t\t\t\t<\/div>\n\t\t\t\t\t<\/div>\n\t\t\t\t<\/div>\n\t\t<div class=\"elementor-element elementor-element-7da1faa e-flex e-con-boxed e-con e-parent\" data-id=\"7da1faa\" data-element_type=\"container\" data-settings=\"{&quot;background_background&quot;:&quot;classic&quot;}\">\n\t\t\t\t\t<div class=\"e-con-inner\">\n\t\t<div class=\"elementor-element elementor-element-e4559d6 e-con-full e-flex e-con e-child\" data-id=\"e4559d6\" data-element_type=\"container\">\n\t\t\t\t<div class=\"elementor-element elementor-element-338fd44 elementor-widget__width-initial elementor-widget elementor-widget-text-editor\" data-id=\"338fd44\" data-element_type=\"widget\" data-widget_type=\"text-editor.default\">\n\t\t\t\t<div class=\"elementor-widget-container\">\n\t\t\t\t\t\t\t\t\t<p>Gubici i otpad od hrane nastaju u svim fazama lanca proizvodnje i opskrbe hranom od primarne proizvodnje, proizvodnje i prerade, distribucije, skladi\u0161tenja, trgovine, ugostiteljstva i institucionalnih kuhinja do ku\u0107anstava. Budu\u0107i da su gubici i otpad od hrane nepo\u017eeljna pojava iz eti\u010dkih, gospodarskih i okoli\u0161nih razloga, sprje\u010davanje nastajanja i smanjivanje koli\u010dina otpada od hrane izdvojeno je kao prioritetna tema europskih politika, strategija i inicijativa. \u00a0<\/p><p>Glavni princip postupanja s otpadom op\u0107enito ilustriran je redom prvenstva gospodarenja otpadom te se primjenjuje i na otpad od hrane. On pokazuje da je najbolji put za sprje\u010davanje nastanka otpada od hrane prevencija, odnosno djelovanje na sprje\u010davanje njegovog nastanka. Ako se to ne mo\u017ee provesti, druga najbolja opcija je kroz redistribuciju osigurati da vi\u0161ak hrane bude i dalje dostupan ljudima za konzumaciju. Ako ni to nije mogu\u0107e tada bi trebalo hranu iskoristiti za prehranu \u017eivotinja. Na taj na\u010din hrana i dalje ostaje indirektno u lancu ljudske prehrane. Kori\u0161tenje otpada od hrane za kompostiranje, proizvodnju energije odnosno oporaba manje su po\u017eeljne opcije, a najmanje po\u017eeljna je zbrinjavanje otpada (odlaganje na odlagali\u0161tima, spaljivanje bez oporabe energije i sl.) ili ispu\u0161tanje u kanalizaciju.<\/p>\t\t\t\t\t\t\t\t<\/div>\n\t\t\t\t<\/div>\n\t\t\t\t<\/div>\n\t\t<div class=\"elementor-element elementor-element-5d45518 e-con-full e-flex e-con e-child\" data-id=\"5d45518\" data-element_type=\"container\">\n\t\t\t\t<div class=\"elementor-element elementor-element-5f2956b elementor-widget elementor-widget-image\" data-id=\"5f2956b\" data-element_type=\"widget\" data-widget_type=\"image.default\">\n\t\t\t\t<div class=\"elementor-widget-container\">\n\t\t\t\t\t\t\t\t\t\t\t\t\t\t\t<img decoding=\"async\" width=\"669\" height=\"391\" src=\"https:\/\/otpadodhrane.haop.hr\/wp-content\/uploads\/2024\/01\/Frame-4.svg\" class=\"attachment-full size-full wp-image-590\" alt=\"\" \/>\t\t\t\t\t\t\t\t\t\t\t\t\t\t\t<\/div>\n\t\t\t\t<\/div>\n\t\t\t\t<div class=\"elementor-element elementor-element-e37fc25 elementor-widget elementor-widget-text-editor\" data-id=\"e37fc25\" data-element_type=\"widget\" data-widget_type=\"text-editor.default\">\n\t\t\t\t<div class=\"elementor-widget-container\">\n\t\t\t\t\t\t\t\t\t<p><strong>Izvor:<\/strong> Vodi\u010d za smanjenje otpada od hrane u primarnoj proizvodnji, Ministarstvo poljoprivrede prosinac 2021. godine<\/p>\t\t\t\t\t\t\t\t<\/div>\n\t\t\t\t<\/div>\n\t\t\t\t<\/div>\n\t\t\t\t\t<\/div>\n\t\t\t\t<\/div>\n\t\t\t\t<\/div>\n\t\t","protected":false},"excerpt":{"rendered":"<p>O temi U rujnu 2015. godine u New Yorku je odr\u017eana konferencija Ujedinjenih naroda o odr\u017eivom razvoju na kojoj je usvojen novi Program globalnog razvoja za 2030. (Agenda 2030) kao akcijski plan za rje\u0161avanje globalnih izazova od kojih je i dalje najve\u0107i siroma\u0161tvo u svim svojim oblicima. Apsurd je modernog svijeta da se s jedne [&hellip;]<\/p>\n","protected":false},"author":1,"featured_media":0,"parent":0,"menu_order":0,"comment_status":"closed","ping_status":"closed","template":"","meta":{"inline_featured_image":false,"footnotes":""},"class_list":["post-12","page","type-page","status-publish","hentry"],"acf":[],"yoast_head":"<!-- This site is optimized with the Yoast SEO plugin v24.4 - https:\/\/yoast.com\/wordpress\/plugins\/seo\/ -->\n<title>O temi - Mjerenja otpada od hrane<\/title>\n<meta name=\"robots\" content=\"index, follow, max-snippet:-1, max-image-preview:large, max-video-preview:-1\" \/>\n<link rel=\"canonical\" href=\"https:\/\/otpadodhrane.mingor.hr\/?page_id=12\" \/>\n<meta property=\"og:locale\" content=\"hr_HR\" \/>\n<meta property=\"og:type\" content=\"article\" \/>\n<meta property=\"og:title\" content=\"O temi - Mjerenja otpada od hrane\" \/>\n<meta property=\"og:description\" content=\"O temi U rujnu 2015. godine u New Yorku je odr\u017eana konferencija Ujedinjenih naroda o odr\u017eivom razvoju na kojoj je usvojen novi Program globalnog razvoja za 2030. (Agenda 2030) kao akcijski plan za rje\u0161avanje globalnih izazova od kojih je i dalje najve\u0107i siroma\u0161tvo u svim svojim oblicima. Apsurd je modernog svijeta da se s jedne [&hellip;]\" \/>\n<meta property=\"og:url\" content=\"https:\/\/otpadodhrane.mingor.hr\/?page_id=12\" \/>\n<meta property=\"og:site_name\" content=\"Mjerenja otpada od hrane\" \/>\n<meta property=\"article:modified_time\" content=\"2024-01-12T08:25:18+00:00\" \/>\n<meta property=\"og:image\" content=\"http:\/\/test-moh.hr.dedi3734.your-server.de\/wp-content\/uploads\/2024\/01\/Frame-12.png\" \/>\n<meta name=\"twitter:card\" content=\"summary_large_image\" \/>\n<meta name=\"twitter:label1\" content=\"Procijenjeno vrijeme \u010ditanja\" \/>\n\t<meta name=\"twitter:data1\" content=\"3 minute\" \/>\n<script type=\"application\/ld+json\" class=\"yoast-schema-graph\">{\"@context\":\"https:\/\/schema.org\",\"@graph\":[{\"@type\":\"WebPage\",\"@id\":\"https:\/\/otpadodhrane.mingor.hr\/?page_id=12\",\"url\":\"https:\/\/otpadodhrane.mingor.hr\/?page_id=12\",\"name\":\"O temi - Mjerenja otpada od hrane\",\"isPartOf\":{\"@id\":\"https:\/\/otpadodhrane.mingor.hr\/#website\"},\"primaryImageOfPage\":{\"@id\":\"https:\/\/otpadodhrane.mingor.hr\/?page_id=12#primaryimage\"},\"image\":{\"@id\":\"https:\/\/otpadodhrane.mingor.hr\/?page_id=12#primaryimage\"},\"thumbnailUrl\":\"http:\/\/test-moh.hr.dedi3734.your-server.de\/wp-content\/uploads\/2024\/01\/Frame-12.png\",\"datePublished\":\"2023-12-04T07:49:17+00:00\",\"dateModified\":\"2024-01-12T08:25:18+00:00\",\"breadcrumb\":{\"@id\":\"https:\/\/otpadodhrane.mingor.hr\/?page_id=12#breadcrumb\"},\"inLanguage\":\"hr\",\"potentialAction\":[{\"@type\":\"ReadAction\",\"target\":[\"https:\/\/otpadodhrane.mingor.hr\/?page_id=12\"]}]},{\"@type\":\"ImageObject\",\"inLanguage\":\"hr\",\"@id\":\"https:\/\/otpadodhrane.mingor.hr\/?page_id=12#primaryimage\",\"url\":\"http:\/\/test-moh.hr.dedi3734.your-server.de\/wp-content\/uploads\/2024\/01\/Frame-12.png\",\"contentUrl\":\"http:\/\/test-moh.hr.dedi3734.your-server.de\/wp-content\/uploads\/2024\/01\/Frame-12.png\"},{\"@type\":\"BreadcrumbList\",\"@id\":\"https:\/\/otpadodhrane.mingor.hr\/?page_id=12#breadcrumb\",\"itemListElement\":[{\"@type\":\"ListItem\",\"position\":1,\"name\":\"Po\u010detna stranica\",\"item\":\"https:\/\/otpadodhrane.mingor.hr\/\"},{\"@type\":\"ListItem\",\"position\":2,\"name\":\"O temi\"}]},{\"@type\":\"WebSite\",\"@id\":\"https:\/\/otpadodhrane.mingor.hr\/#website\",\"url\":\"https:\/\/otpadodhrane.mingor.hr\/\",\"name\":\"Mjerenja otpada od hrane\",\"description\":\"\",\"publisher\":{\"@id\":\"https:\/\/otpadodhrane.mingor.hr\/#organization\"},\"potentialAction\":[{\"@type\":\"SearchAction\",\"target\":{\"@type\":\"EntryPoint\",\"urlTemplate\":\"https:\/\/otpadodhrane.mingor.hr\/?s={search_term_string}\"},\"query-input\":{\"@type\":\"PropertyValueSpecification\",\"valueRequired\":true,\"valueName\":\"search_term_string\"}}],\"inLanguage\":\"hr\"},{\"@type\":\"Organization\",\"@id\":\"https:\/\/otpadodhrane.mingor.hr\/#organization\",\"name\":\"Mjerenja otpada od hrane\",\"url\":\"https:\/\/otpadodhrane.mingor.hr\/\",\"logo\":{\"@type\":\"ImageObject\",\"inLanguage\":\"hr\",\"@id\":\"https:\/\/otpadodhrane.mingor.hr\/#\/schema\/logo\/image\/\",\"url\":\"https:\/\/otpadodhrane.haop.hr\/wp-content\/uploads\/2023\/12\/Layer_1-24.svg\",\"contentUrl\":\"https:\/\/otpadodhrane.haop.hr\/wp-content\/uploads\/2023\/12\/Layer_1-24.svg\",\"width\":229,\"height\":100,\"caption\":\"Mjerenja otpada od hrane\"},\"image\":{\"@id\":\"https:\/\/otpadodhrane.mingor.hr\/#\/schema\/logo\/image\/\"}}]}<\/script>\n<!-- \/ Yoast SEO plugin. -->","yoast_head_json":{"title":"O temi - Mjerenja otpada od hrane","robots":{"index":"index","follow":"follow","max-snippet":"max-snippet:-1","max-image-preview":"max-image-preview:large","max-video-preview":"max-video-preview:-1"},"canonical":"https:\/\/otpadodhrane.mingor.hr\/?page_id=12","og_locale":"hr_HR","og_type":"article","og_title":"O temi - Mjerenja otpada od hrane","og_description":"O temi U rujnu 2015. godine u New Yorku je odr\u017eana konferencija Ujedinjenih naroda o odr\u017eivom razvoju na kojoj je usvojen novi Program globalnog razvoja za 2030. (Agenda 2030) kao akcijski plan za rje\u0161avanje globalnih izazova od kojih je i dalje najve\u0107i siroma\u0161tvo u svim svojim oblicima. Apsurd je modernog svijeta da se s jedne [&hellip;]","og_url":"https:\/\/otpadodhrane.mingor.hr\/?page_id=12","og_site_name":"Mjerenja otpada od hrane","article_modified_time":"2024-01-12T08:25:18+00:00","og_image":[{"url":"http:\/\/test-moh.hr.dedi3734.your-server.de\/wp-content\/uploads\/2024\/01\/Frame-12.png","type":"","width":"","height":""}],"twitter_card":"summary_large_image","twitter_misc":{"Procijenjeno vrijeme \u010ditanja":"3 minute"},"schema":{"@context":"https:\/\/schema.org","@graph":[{"@type":"WebPage","@id":"https:\/\/otpadodhrane.mingor.hr\/?page_id=12","url":"https:\/\/otpadodhrane.mingor.hr\/?page_id=12","name":"O temi - Mjerenja otpada od hrane","isPartOf":{"@id":"https:\/\/otpadodhrane.mingor.hr\/#website"},"primaryImageOfPage":{"@id":"https:\/\/otpadodhrane.mingor.hr\/?page_id=12#primaryimage"},"image":{"@id":"https:\/\/otpadodhrane.mingor.hr\/?page_id=12#primaryimage"},"thumbnailUrl":"http:\/\/test-moh.hr.dedi3734.your-server.de\/wp-content\/uploads\/2024\/01\/Frame-12.png","datePublished":"2023-12-04T07:49:17+00:00","dateModified":"2024-01-12T08:25:18+00:00","breadcrumb":{"@id":"https:\/\/otpadodhrane.mingor.hr\/?page_id=12#breadcrumb"},"inLanguage":"hr","potentialAction":[{"@type":"ReadAction","target":["https:\/\/otpadodhrane.mingor.hr\/?page_id=12"]}]},{"@type":"ImageObject","inLanguage":"hr","@id":"https:\/\/otpadodhrane.mingor.hr\/?page_id=12#primaryimage","url":"http:\/\/test-moh.hr.dedi3734.your-server.de\/wp-content\/uploads\/2024\/01\/Frame-12.png","contentUrl":"http:\/\/test-moh.hr.dedi3734.your-server.de\/wp-content\/uploads\/2024\/01\/Frame-12.png"},{"@type":"BreadcrumbList","@id":"https:\/\/otpadodhrane.mingor.hr\/?page_id=12#breadcrumb","itemListElement":[{"@type":"ListItem","position":1,"name":"Po\u010detna stranica","item":"https:\/\/otpadodhrane.mingor.hr\/"},{"@type":"ListItem","position":2,"name":"O temi"}]},{"@type":"WebSite","@id":"https:\/\/otpadodhrane.mingor.hr\/#website","url":"https:\/\/otpadodhrane.mingor.hr\/","name":"Mjerenja otpada od hrane","description":"","publisher":{"@id":"https:\/\/otpadodhrane.mingor.hr\/#organization"},"potentialAction":[{"@type":"SearchAction","target":{"@type":"EntryPoint","urlTemplate":"https:\/\/otpadodhrane.mingor.hr\/?s={search_term_string}"},"query-input":{"@type":"PropertyValueSpecification","valueRequired":true,"valueName":"search_term_string"}}],"inLanguage":"hr"},{"@type":"Organization","@id":"https:\/\/otpadodhrane.mingor.hr\/#organization","name":"Mjerenja otpada od hrane","url":"https:\/\/otpadodhrane.mingor.hr\/","logo":{"@type":"ImageObject","inLanguage":"hr","@id":"https:\/\/otpadodhrane.mingor.hr\/#\/schema\/logo\/image\/","url":"https:\/\/otpadodhrane.haop.hr\/wp-content\/uploads\/2023\/12\/Layer_1-24.svg","contentUrl":"https:\/\/otpadodhrane.haop.hr\/wp-content\/uploads\/2023\/12\/Layer_1-24.svg","width":229,"height":100,"caption":"Mjerenja otpada od hrane"},"image":{"@id":"https:\/\/otpadodhrane.mingor.hr\/#\/schema\/logo\/image\/"}}]}},"_links":{"self":[{"href":"https:\/\/otpadodhrane.haop.hr\/index.php?rest_route=\/wp\/v2\/pages\/12","targetHints":{"allow":["GET"]}}],"collection":[{"href":"https:\/\/otpadodhrane.haop.hr\/index.php?rest_route=\/wp\/v2\/pages"}],"about":[{"href":"https:\/\/otpadodhrane.haop.hr\/index.php?rest_route=\/wp\/v2\/types\/page"}],"author":[{"embeddable":true,"href":"https:\/\/otpadodhrane.haop.hr\/index.php?rest_route=\/wp\/v2\/users\/1"}],"replies":[{"embeddable":true,"href":"https:\/\/otpadodhrane.haop.hr\/index.php?rest_route=%2Fwp%2Fv2%2Fcomments&post=12"}],"version-history":[{"count":151,"href":"https:\/\/otpadodhrane.haop.hr\/index.php?rest_route=\/wp\/v2\/pages\/12\/revisions"}],"predecessor-version":[{"id":1052,"href":"https:\/\/otpadodhrane.haop.hr\/index.php?rest_route=\/wp\/v2\/pages\/12\/revisions\/1052"}],"wp:attachment":[{"href":"https:\/\/otpadodhrane.haop.hr\/index.php?rest_route=%2Fwp%2Fv2%2Fmedia&parent=12"}],"curies":[{"name":"wp","href":"https:\/\/api.w.org\/{rel}","templated":true}]}}